{"id":13531,"date":"2016-06-23T06:39:17","date_gmt":"2016-06-23T06:39:17","guid":{"rendered":"http:\/\/gefaessmanual.de\/?page_id=13531"},"modified":"2016-10-15T15:33:27","modified_gmt":"2016-10-15T15:33:27","slug":"vena-poplitea-aneurysma","status":"publish","type":"page","link":"https:\/\/gefaessmanual.de\/?page_id=13531","title":{"rendered":"Vena poplitea Aneurysma"},"content":{"rendered":"<h1>Seltenes Aneurysma der Vena poplitea bei einer jungen Frau<\/h1>\n<p>Die junge 21-j\u00e4hrige Frau stellt sich in der Gef\u00e4\u00dfsprechstunde vor. Seit mehreren Jahren bestehe eine druckschmerzhafte Schwellung der linken Kniekehle. Andere Grunderkrankungen bestehen nicht. Bis auf eine orale Antikontrazeption nehme die Patientin keine Medikamente ein. Bisher sei nur eine orthop\u00e4dische Vorstellung erfolgt, die keine wegweisenden Befunde ergeben habe.<\/p>\n<h2>K\u00f6rperliche Untersuchung<\/h2>\n<p>In der k\u00f6rperlichen Untersuchung zeigt sich ein unauff\u00e4lliger Funktionsstatus beider Extremit\u00e4ten ohne neurologische Defizite oder Hinweise auf Durchblutungsst\u00f6rungen. In der linken Fossa poplitea l\u00e4sst sich eine druckdolente weiche Schwellung tasten, die bei stehender Patientin prominenter erscheint.<\/p>\n<h2>Farbkodierte Duplexsonographie<\/h2>\n<p>Mittels Duplexsonographie gelangt\u00a0in H\u00f6he des P2 Segments ein ca. 2,0 x 1,8 x 3,6 cm gro\u00dfes und teilthrombosiertes Aneurysma der Vena poplitea zur Darstellung.<\/p>\n<div class=\"fusion-fullwidth fullwidth-box fusion-builder-row-1 hundred-percent-fullwidth non-hundred-percent-height-scrolling\" style=\"--awb-border-radius-top-left:0px;--awb-border-radius-top-right:0px;--awb-border-radius-bottom-right:0px;--awb-border-radius-bottom-left:0px;--awb-overflow:visible;--awb-flex-wrap:wrap;\" ><div class=\"fusion-builder-row fusion-row\"><div class=\"fusion-layout-column fusion_builder_column fusion-builder-column-0 fusion_builder_column_1_1 1_1 fusion-one-full fusion-column-first fusion-column-last fusion-column-no-min-height\" style=\"--awb-bg-size:cover;--awb-margin-bottom:0px;\"><div class=\"fusion-column-wrapper fusion-flex-column-wrapper-legacy\"><div id=\"attachment_13533\" style=\"width: 310px\" class=\"wp-caption alignnone\"><a href=\"http:\/\/gefaessmanual.de\/wp-content\/uploads\/2016\/06\/fkds1vp.png\" target=\"_blank\"><img decoding=\"async\" aria-describedby=\"caption-attachment-13533\" class=\"wp-image-13533 size-medium\" src=\"http:\/\/gefaessmanual.de\/wp-content\/uploads\/2016\/06\/fkds1vp-300x200.png\" alt=\"fkds1vp\" width=\"300\" height=\"200\" srcset=\"https:\/\/gefaessmanual.de\/wp-content\/uploads\/2016\/06\/fkds1vp-200x133.png 200w, https:\/\/gefaessmanual.de\/wp-content\/uploads\/2016\/06\/fkds1vp-300x200.png 300w, https:\/\/gefaessmanual.de\/wp-content\/uploads\/2016\/06\/fkds1vp-400x267.png 400w, https:\/\/gefaessmanual.de\/wp-content\/uploads\/2016\/06\/fkds1vp-600x400.png 600w, https:\/\/gefaessmanual.de\/wp-content\/uploads\/2016\/06\/fkds1vp-768x512.png 768w, https:\/\/gefaessmanual.de\/wp-content\/uploads\/2016\/06\/fkds1vp-800x534.png 800w, https:\/\/gefaessmanual.de\/wp-content\/uploads\/2016\/06\/fkds1vp.png 907w\" sizes=\"(max-width: 300px) 100vw, 300px\" \/><\/a><p id=\"caption-attachment-13533\" class=\"wp-caption-text\">Abbildung: FKDS des Vena poplitea Aneurysmas im L\u00e4ngsschnitt<\/p><\/div>\n<div class=\"fusion-clearfix\"><\/div><\/div><\/div><div class=\"fusion-layout-column fusion_builder_column fusion-builder-column-1 fusion_builder_column_1_1 1_1 fusion-one-full fusion-column-first fusion-column-last fusion-column-no-min-height\" style=\"--awb-bg-size:cover;--awb-margin-bottom:0px;\"><div class=\"fusion-column-wrapper fusion-flex-column-wrapper-legacy\"><div id=\"attachment_13535\" style=\"width: 310px\" class=\"wp-caption alignnone\"><a href=\"http:\/\/gefaessmanual.de\/wp-content\/uploads\/2016\/06\/fkds2vp.png\" target=\"_blank\"><img decoding=\"async\" aria-describedby=\"caption-attachment-13535\" class=\"wp-image-13535 size-medium\" src=\"http:\/\/gefaessmanual.de\/wp-content\/uploads\/2016\/06\/fkds2vp-300x201.png\" alt=\"fkds2vp\" width=\"300\" height=\"201\" srcset=\"https:\/\/gefaessmanual.de\/wp-content\/uploads\/2016\/06\/fkds2vp-200x134.png 200w, https:\/\/gefaessmanual.de\/wp-content\/uploads\/2016\/06\/fkds2vp-300x201.png 300w, https:\/\/gefaessmanual.de\/wp-content\/uploads\/2016\/06\/fkds2vp-400x268.png 400w, https:\/\/gefaessmanual.de\/wp-content\/uploads\/2016\/06\/fkds2vp-600x402.png 600w, https:\/\/gefaessmanual.de\/wp-content\/uploads\/2016\/06\/fkds2vp-768x514.png 768w, https:\/\/gefaessmanual.de\/wp-content\/uploads\/2016\/06\/fkds2vp-800x536.png 800w, https:\/\/gefaessmanual.de\/wp-content\/uploads\/2016\/06\/fkds2vp.png 905w\" sizes=\"(max-width: 300px) 100vw, 300px\" \/><\/a><p id=\"caption-attachment-13535\" class=\"wp-caption-text\">Abbildung: Darstellung des Vena poplitea Aneurysmas im Querschnitt (FKDS).<\/p><\/div>\n<h2>MR-Angiographie<\/h2>\n<p>Der oben beschriebene Befund zeigt sich auch in der MR-Angiographie.<\/p>\n<div class=\"fusion-clearfix\"><\/div><\/div><\/div><div class=\"fusion-layout-column fusion_builder_column fusion-builder-column-2 fusion_builder_column_1_1 1_1 fusion-one-full fusion-column-first fusion-column-last fusion-column-no-min-height\" style=\"--awb-bg-size:cover;--awb-margin-bottom:0px;\"><div class=\"fusion-column-wrapper fusion-flex-column-wrapper-legacy\"><div id=\"attachment_13536\" style=\"width: 295px\" class=\"wp-caption alignnone\"><a href=\"http:\/\/gefaessmanual.de\/wp-content\/uploads\/2016\/06\/mra1.png\" target=\"_blank\"><img decoding=\"async\" aria-describedby=\"caption-attachment-13536\" class=\"wp-image-13536 size-medium\" src=\"http:\/\/gefaessmanual.de\/wp-content\/uploads\/2016\/06\/mra1-285x300.png\" alt=\"mra1\" width=\"285\" height=\"300\" srcset=\"https:\/\/gefaessmanual.de\/wp-content\/uploads\/2016\/06\/mra1-200x211.png 200w, https:\/\/gefaessmanual.de\/wp-content\/uploads\/2016\/06\/mra1-285x300.png 285w, https:\/\/gefaessmanual.de\/wp-content\/uploads\/2016\/06\/mra1-400x421.png 400w, https:\/\/gefaessmanual.de\/wp-content\/uploads\/2016\/06\/mra1.png 570w\" sizes=\"(max-width: 285px) 100vw, 285px\" \/><\/a><p id=\"caption-attachment-13536\" class=\"wp-caption-text\">Abbildung: Darstellung des Vena poplitea Aneurysmas in der MR-Angiographie im L\u00e4ngsschnitt (hell: Kontrastmittel in der Vene sowie mittig im Aneurysma).<\/p><\/div>\n<div class=\"fusion-clearfix\"><\/div><\/div><\/div><div class=\"fusion-layout-column fusion_builder_column fusion-builder-column-3 fusion_builder_column_1_1 1_1 fusion-one-full fusion-column-first fusion-column-last fusion-column-no-min-height\" style=\"--awb-bg-size:cover;--awb-margin-bottom:0px;\"><div class=\"fusion-column-wrapper fusion-flex-column-wrapper-legacy\"><div id=\"attachment_13537\" style=\"width: 310px\" class=\"wp-caption alignnone\"><a href=\"http:\/\/gefaessmanual.de\/wp-content\/uploads\/2016\/06\/mra2.png\" target=\"_blank\"><img decoding=\"async\" aria-describedby=\"caption-attachment-13537\" class=\"wp-image-13537 size-medium\" src=\"http:\/\/gefaessmanual.de\/wp-content\/uploads\/2016\/06\/mra2-300x269.png\" alt=\"mra2\" width=\"300\" height=\"269\" srcset=\"https:\/\/gefaessmanual.de\/wp-content\/uploads\/2016\/06\/mra2-200x180.png 200w, https:\/\/gefaessmanual.de\/wp-content\/uploads\/2016\/06\/mra2-300x269.png 300w, https:\/\/gefaessmanual.de\/wp-content\/uploads\/2016\/06\/mra2-400x359.png 400w, https:\/\/gefaessmanual.de\/wp-content\/uploads\/2016\/06\/mra2.png 588w\" sizes=\"(max-width: 300px) 100vw, 300px\" \/><\/a><p id=\"caption-attachment-13537\" class=\"wp-caption-text\">Abbildung: Darstellung des teilthrombosierten Aneurysmas im Querschnitt. Die Vena poplitea liegt oberfl\u00e4chlich zur tiefer verlaufenden Arteria poplitea.<\/p><\/div>\n<p>&nbsp;<\/p>\n<h2>Therapie<\/h2>\n<p>Aufgrund der Seltenheit ven\u00f6ser Aneurysmen ist die Therapieindikation schwierig zu stellen. Neben der konservativen Therapie stehen operative Verfahren zur Verf\u00fcgung. Aufgrund der Thrombosierung mit konsekutiver Gefahr einer Lungenarterienembolie wurde eine\u00a0offen-chirurgische Aneurysmaausschaltung durchgef\u00fchrt.<\/p>\n<p>Die Patientin wurde dabei in Bauchlagerung \u00fcber einen dorsalen Zugang zur Fossa poplitea operiert und das Aneurysma reseziert. Der Eingriff verlief komplikationslos und die Patientin konnte am 4. postoperativen Tag nach Hause entlassen werden.<\/p>\n<div class=\"fusion-clearfix\"><\/div><\/div><\/div><div class=\"fusion-layout-column fusion_builder_column fusion-builder-column-4 fusion_builder_column_1_1 1_1 fusion-one-full fusion-column-first fusion-column-last fusion-column-no-min-height\" style=\"--awb-bg-size:cover;--awb-margin-bottom:0px;\"><div class=\"fusion-column-wrapper fusion-flex-column-wrapper-legacy\"><div id=\"attachment_13538\" style=\"width: 247px\" class=\"wp-caption alignnone\"><a href=\"http:\/\/gefaessmanual.de\/wp-content\/uploads\/2016\/06\/op1.jpg\" target=\"_blank\"><img decoding=\"async\" aria-describedby=\"caption-attachment-13538\" class=\"wp-image-13538 size-medium\" src=\"http:\/\/gefaessmanual.de\/wp-content\/uploads\/2016\/06\/op1-237x300.jpg\" alt=\"op1\" width=\"237\" height=\"300\" srcset=\"https:\/\/gefaessmanual.de\/wp-content\/uploads\/2016\/06\/op1-200x253.jpg 200w, https:\/\/gefaessmanual.de\/wp-content\/uploads\/2016\/06\/op1-237x300.jpg 237w, https:\/\/gefaessmanual.de\/wp-content\/uploads\/2016\/06\/op1-400x507.jpg 400w, https:\/\/gefaessmanual.de\/wp-content\/uploads\/2016\/06\/op1.jpg 577w\" sizes=\"(max-width: 237px) 100vw, 237px\" \/><\/a><p id=\"caption-attachment-13538\" class=\"wp-caption-text\">Abbildung: Patientin in Bauchlagerung. Zugang zur Fossa poplitea \u00fcber S-f\u00f6rmigen Schnitt.<\/p><\/div>\n<div class=\"fusion-clearfix\"><\/div><\/div><\/div><div class=\"fusion-layout-column fusion_builder_column fusion-builder-column-5 fusion_builder_column_1_1 1_1 fusion-one-full fusion-column-first fusion-column-last fusion-column-no-min-height\" style=\"--awb-bg-size:cover;--awb-margin-bottom:0px;\"><div class=\"fusion-column-wrapper fusion-flex-column-wrapper-legacy\"><div id=\"attachment_13539\" style=\"width: 310px\" class=\"wp-caption alignnone\"><a href=\"http:\/\/gefaessmanual.de\/wp-content\/uploads\/2016\/06\/op2.jpg\" target=\"_blank\"><img decoding=\"async\" aria-describedby=\"caption-attachment-13539\" class=\"wp-image-13539 size-medium\" src=\"http:\/\/gefaessmanual.de\/wp-content\/uploads\/2016\/06\/op2-300x296.jpg\" alt=\"op2\" width=\"300\" height=\"296\" srcset=\"https:\/\/gefaessmanual.de\/wp-content\/uploads\/2016\/06\/op2-66x66.jpg 66w, https:\/\/gefaessmanual.de\/wp-content\/uploads\/2016\/06\/op2-200x197.jpg 200w, https:\/\/gefaessmanual.de\/wp-content\/uploads\/2016\/06\/op2-300x296.jpg 300w, https:\/\/gefaessmanual.de\/wp-content\/uploads\/2016\/06\/op2-400x394.jpg 400w, https:\/\/gefaessmanual.de\/wp-content\/uploads\/2016\/06\/op2-600x591.jpg 600w, https:\/\/gefaessmanual.de\/wp-content\/uploads\/2016\/06\/op2.jpg 741w\" sizes=\"(max-width: 300px) 100vw, 300px\" \/><\/a><p id=\"caption-attachment-13539\" class=\"wp-caption-text\">Abbildung: Darstellung des ven\u00f6sen Aneurysmas im Situs.<\/p><\/div>\n<div class=\"fusion-clearfix\"><\/div><\/div><\/div><div class=\"fusion-layout-column fusion_builder_column fusion-builder-column-6 fusion_builder_column_1_1 1_1 fusion-one-full fusion-column-first fusion-column-last fusion-column-no-min-height\" style=\"--awb-bg-size:cover;--awb-margin-bottom:0px;\"><div class=\"fusion-column-wrapper fusion-flex-column-wrapper-legacy\"><div id=\"attachment_13540\" style=\"width: 310px\" class=\"wp-caption alignnone\"><a href=\"http:\/\/gefaessmanual.de\/wp-content\/uploads\/2016\/06\/op3.jpg\" target=\"_blank\"><img decoding=\"async\" aria-describedby=\"caption-attachment-13540\" class=\"wp-image-13540 size-medium\" src=\"http:\/\/gefaessmanual.de\/wp-content\/uploads\/2016\/06\/op3-300x300.jpg\" alt=\"op3\" width=\"300\" height=\"300\" srcset=\"https:\/\/gefaessmanual.de\/wp-content\/uploads\/2016\/06\/op3-66x66.jpg 66w, https:\/\/gefaessmanual.de\/wp-content\/uploads\/2016\/06\/op3-150x150.jpg 150w, https:\/\/gefaessmanual.de\/wp-content\/uploads\/2016\/06\/op3-200x200.jpg 200w, https:\/\/gefaessmanual.de\/wp-content\/uploads\/2016\/06\/op3-300x300.jpg 300w, https:\/\/gefaessmanual.de\/wp-content\/uploads\/2016\/06\/op3-400x400.jpg 400w, https:\/\/gefaessmanual.de\/wp-content\/uploads\/2016\/06\/op3-600x599.jpg 600w, https:\/\/gefaessmanual.de\/wp-content\/uploads\/2016\/06\/op3-768x767.jpg 768w, https:\/\/gefaessmanual.de\/wp-content\/uploads\/2016\/06\/op3-800x799.jpg 800w, https:\/\/gefaessmanual.de\/wp-content\/uploads\/2016\/06\/op3.jpg 811w\" sizes=\"(max-width: 300px) 100vw, 300px\" \/><\/a><p id=\"caption-attachment-13540\" class=\"wp-caption-text\">Abbildung: Nach Resektion des Aneurysmas. Hier wurde zur Verbesserung des Ergebnisses eine Venenpatchplastik aus der oberfl\u00e4chlichen V. saphena magna durchgef\u00fchrt.<\/p><\/div><div class=\"fusion-clearfix\"><\/div><\/div><\/div><\/div><\/div>\n","protected":false},"excerpt":{"rendered":"<p>Seltenes Aneurysma der Vena poplitea bei einer jungen Frau Die junge 21-j\u00e4hrige Frau [&hellip;]<\/p>\n","protected":false},"author":1,"featured_media":0,"parent":0,"menu_order":0,"comment_status":"closed","ping_status":"closed","template":"","meta":{"footnotes":""},"class_list":["post-13531","page","type-page","status-publish","hentry"],"_links":{"self":[{"href":"https:\/\/gefaessmanual.de\/index.php?rest_route=\/wp\/v2\/pages\/13531"}],"collection":[{"href":"https:\/\/gefaessmanual.de\/index.php?rest_route=\/wp\/v2\/pages"}],"about":[{"href":"https:\/\/gefaessmanual.de\/index.php?rest_route=\/wp\/v2\/types\/page"}],"author":[{"embeddable":true,"href":"https:\/\/gefaessmanual.de\/index.php?rest_route=\/wp\/v2\/users\/1"}],"replies":[{"embeddable":true,"href":"https:\/\/gefaessmanual.de\/index.php?rest_route=%2Fwp%2Fv2%2Fcomments&post=13531"}],"version-history":[{"count":4,"href":"https:\/\/gefaessmanual.de\/index.php?rest_route=\/wp\/v2\/pages\/13531\/revisions"}],"predecessor-version":[{"id":13626,"href":"https:\/\/gefaessmanual.de\/index.php?rest_route=\/wp\/v2\/pages\/13531\/revisions\/13626"}],"wp:attachment":[{"href":"https:\/\/gefaessmanual.de\/index.php?rest_route=%2Fwp%2Fv2%2Fmedia&parent=13531"}],"curies":[{"name":"wp","href":"https:\/\/api.w.org\/{rel}","templated":true}]}}