{"id":13393,"date":"2016-01-24T20:25:40","date_gmt":"2016-01-24T20:25:40","guid":{"rendered":"http:\/\/gefaessmanual.de\/?page_id=13393"},"modified":"2016-10-15T15:33:28","modified_gmt":"2016-10-15T15:33:28","slug":"nahtaneurysma-nach-y-prothese","status":"publish","type":"page","link":"https:\/\/gefaessmanual.de\/?page_id=13393","title":{"rendered":"Nahtaneurysma nach Y-Prothese"},"content":{"rendered":"<h1>Nahtaneurysma nach Implantation einer Y-Prothese<\/h1>\n<p>Der 75-j\u00e4hrige Rentner A. K. kommt in die Hochschulambulanz der Gef\u00e4\u00dfmedizin. Vor vielen Monaten sei der Haus\u00e4rztin eine <strong>Raumforderung der Leiste<\/strong> links aufgefallen. In der orientierenden Ultraschalluntersuchung fiel\u00a0ihr eine deutliche Erweiterung der A. femoralis communis auf dieser Seite auf.<\/p>\n<p>Der Patient berichtet von einer langj\u00e4hrigen Krankengeschichte mit verschiedenen atherosklerotisch bedingten Erkrankungen und von der offen-chirurgischen Implantation einer aorto-bi-femoralen <strong>&#8222;Y-Prothese&#8220;<\/strong> vor vielen Jahren. Auf R\u00fcckfragen erkl\u00e4rt der <img decoding=\"async\" class=\"alignleft size-medium wp-image-13396\" src=\"http:\/\/gefaessmanual.de\/wp-content\/uploads\/2016\/01\/yprothese-01-119x300.jpg\" alt=\"yprothese-01\" width=\"119\" height=\"300\" srcset=\"https:\/\/gefaessmanual.de\/wp-content\/uploads\/2016\/01\/yprothese-01-119x300.jpg 119w, https:\/\/gefaessmanual.de\/wp-content\/uploads\/2016\/01\/yprothese-01-408x1024.jpg 408w, https:\/\/gefaessmanual.de\/wp-content\/uploads\/2016\/01\/yprothese-01.jpg 615w\" sizes=\"(max-width: 119px) 100vw, 119px\" \/>Patient, die Y-Prothese sei aufgrund einer schweren peripheren arteriellen Verschlusskrankheit (pAVK) mit Gluteal- und Oberschenkelclaudicatio nach wenigen Metern implantiert worden. Die Beschwerden seien anschlie\u00dfend f\u00fcr mehrere Jahre deutlich gebessert gewesen. Ein konsequentes Gehtraining habe der Patient nicht durchgef\u00fchrt, eine Nikotinkarenz habe er trotz mehrerer Versuche auch nicht erreicht. Seit der Operation nehme der Patient ASS 100 mg und Simvastatin 40 mg t\u00e4glich ein. Aufgrund eines Magenulcus in der Vorgeschichte habe die Haus\u00e4rztin zus\u00e4tzlich einen Protonenpumpenhemmer (PPI) verordnet. Seit etwa 1\/2 Jahr beklagt der Patient eine langsam zunehmende Wadenclaudicatio links nach etwa 300 m, rechts w\u00fcrden die Beschwerden erst nach etwa 500 m beginnen. Nach dem Stehenbleiben w\u00fcrden die Schmerzen schnell sistieren. Ruheschmerzen oder Wundheilungsst\u00f6rungen verneint der Patient.<\/p>\n<h2>K\u00f6rperliche Untersuchung<\/h2>\n<p>Der Patient legt sich vollst\u00e4ndig entkleidet auf die Untersuchungsliege. Am liegenden Patienten werden die peripheren Pulse der A. femoralis communis beidseits kr\u00e4ftig getastet. Links kann die vergr\u00f6\u00dferte Pulsationszone i.S. der vorbeschriebenen Raumforderung nachvollzogen werden. Druckdolenzen zeigen sich nicht. Die Poplitealpulse sind beidseits nicht sicher zu tasten, die peripheren Fu\u00dfpulse sind ebenfalls nicht sicher zu tasten. Die distale Rekapillarisierungszeit ist beidseits unauff\u00e4llig. Der Patient hat keine Zeichen der chronischen ven\u00f6sen Insuffizienz, keine \u00d6deme, keine Ulcera oder Nekrosen. Auffallend ist eine deutliche Nagelmykose beidseits. Die Sensomotorik ist seitengleich erhalten.<\/p>\n<h2>Farbkodierte Duplexsonographie<\/h2>\n<p>In der Ultraschalluntersuchung zeigen sich ausgepr\u00e4gte atherosklerotische Ver\u00e4nderungen, insbesondere der femoro-poplitealen Strombahn. Die Flussprofile der distalen Unterschenkelgef\u00e4\u00dfe sind dementsprechend monophasisch und entschleunigt. Im Bereich der A. femoralis communis links zeigt sich ein gro\u00dfes wandthrombosiertes Nahtaneurysma im Bereich der End-zu-Seit-Anastomose der vorbeschriebenen Y-Prothese.<\/p>\n<div class=\"fusion-fullwidth fullwidth-box fusion-builder-row-1 hundred-percent-fullwidth non-hundred-percent-height-scrolling\" style=\"--awb-border-radius-top-left:0px;--awb-border-radius-top-right:0px;--awb-border-radius-bottom-right:0px;--awb-border-radius-bottom-left:0px;--awb-overflow:visible;--awb-flex-wrap:wrap;\" ><div class=\"fusion-builder-row fusion-row\"><div class=\"fusion-layout-column fusion_builder_column fusion-builder-column-0 fusion_builder_column_1_1 1_1 fusion-one-full fusion-column-first fusion-column-last fusion-column-no-min-height\" style=\"--awb-bg-size:cover;--awb-margin-bottom:0px;\"><div class=\"fusion-column-wrapper fusion-flex-column-wrapper-legacy\"><div id=\"attachment_13399\" style=\"width: 310px\" class=\"wp-caption alignnone\"><a href=\"http:\/\/gefaessmanual.de\/wp-content\/uploads\/2016\/01\/FKDSkombi-01.jpg\" target=\"_blank\"><img decoding=\"async\" aria-describedby=\"caption-attachment-13399\" class=\"wp-image-13399 size-medium\" src=\"http:\/\/gefaessmanual.de\/wp-content\/uploads\/2016\/01\/FKDSkombi-01-300x120.jpg\" alt=\"FKDSkombi-01\" width=\"300\" height=\"120\" srcset=\"https:\/\/gefaessmanual.de\/wp-content\/uploads\/2016\/01\/FKDSkombi-01-300x120.jpg 300w, https:\/\/gefaessmanual.de\/wp-content\/uploads\/2016\/01\/FKDSkombi-01-768x307.jpg 768w, https:\/\/gefaessmanual.de\/wp-content\/uploads\/2016\/01\/FKDSkombi-01-1024x409.jpg 1024w, https:\/\/gefaessmanual.de\/wp-content\/uploads\/2016\/01\/FKDSkombi-01.jpg 1708w\" sizes=\"(max-width: 300px) 100vw, 300px\" \/><\/a><p id=\"caption-attachment-13399\" class=\"wp-caption-text\">Abbildung: B-Bild-Sonographie eines gro\u00dfen Nahtaneurysmas der A. femoralis communis<\/p><\/div>\n<h2>CT-Angiographie<\/h2>\n<p>In der CT-Angiographie best\u00e4tigt sich der Verdacht. Die AFS und die APF sind weiterhin perfundiert.<\/p>\n<div class=\"fusion-clearfix\"><\/div><\/div><\/div><div class=\"fusion-layout-column fusion_builder_column fusion-builder-column-1 fusion_builder_column_1_1 1_1 fusion-one-full fusion-column-first fusion-column-last fusion-column-no-min-height\" style=\"--awb-bg-size:cover;--awb-margin-bottom:0px;\"><div class=\"fusion-column-wrapper fusion-flex-column-wrapper-legacy\"><div id=\"attachment_13400\" style=\"width: 275px\" class=\"wp-caption alignnone\"><a href=\"http:\/\/gefaessmanual.de\/wp-content\/uploads\/2016\/01\/CT3.jpg\" target=\"_blank\"><img decoding=\"async\" aria-describedby=\"caption-attachment-13400\" class=\"wp-image-13400 size-medium\" src=\"http:\/\/gefaessmanual.de\/wp-content\/uploads\/2016\/01\/CT3-265x300.jpg\" alt=\"CT3\" width=\"265\" height=\"300\" srcset=\"https:\/\/gefaessmanual.de\/wp-content\/uploads\/2016\/01\/CT3-265x300.jpg 265w, https:\/\/gefaessmanual.de\/wp-content\/uploads\/2016\/01\/CT3-768x871.jpg 768w, https:\/\/gefaessmanual.de\/wp-content\/uploads\/2016\/01\/CT3.jpg 869w\" sizes=\"(max-width: 265px) 100vw, 265px\" \/><\/a><p id=\"caption-attachment-13400\" class=\"wp-caption-text\">Abbildung: CT-Angiographie eines Nahtaneurysmas der A. femoralis communis links<\/p><\/div>\n<h2>Offen-chirurgische Aneurysmatherapie<\/h2>\n<p>Aufgrund der Gr\u00f6\u00dfe und der Gefahr thrombembolischer Komplikationen wird nach kardiovaskul\u00e4rer Risikostratifizierung des Patienten die Indikation zur offen-chirurgischen Aneurysmaausschaltung gestellt. Der Eingriff soll im Sinne eines Interponats durchgef\u00fchrt werden.<\/p>\n<div class=\"fusion-clearfix\"><\/div><\/div><\/div><div class=\"fusion-layout-column fusion_builder_column fusion-builder-column-2 fusion_builder_column_1_1 1_1 fusion-one-full fusion-column-first fusion-column-last fusion-column-no-min-height\" style=\"--awb-bg-size:cover;--awb-margin-bottom:0px;\"><div class=\"fusion-column-wrapper fusion-flex-column-wrapper-legacy\"><div id=\"attachment_13403\" style=\"width: 310px\" class=\"wp-caption alignnone\"><a href=\"http:\/\/gefaessmanual.de\/wp-content\/uploads\/2016\/01\/2016-01-21-09.32.56.jpg\" target=\"_blank\"><img decoding=\"async\" aria-describedby=\"caption-attachment-13403\" class=\"wp-image-13403 size-medium\" src=\"http:\/\/gefaessmanual.de\/wp-content\/uploads\/2016\/01\/2016-01-21-09.32.56-300x225.jpg\" alt=\"2016-01-21 09.32.56\" width=\"300\" height=\"225\" srcset=\"https:\/\/gefaessmanual.de\/wp-content\/uploads\/2016\/01\/2016-01-21-09.32.56-300x225.jpg 300w, https:\/\/gefaessmanual.de\/wp-content\/uploads\/2016\/01\/2016-01-21-09.32.56-768x576.jpg 768w, https:\/\/gefaessmanual.de\/wp-content\/uploads\/2016\/01\/2016-01-21-09.32.56-1024x768.jpg 1024w, https:\/\/gefaessmanual.de\/wp-content\/uploads\/2016\/01\/2016-01-21-09.32.56.jpg 5520w\" sizes=\"(max-width: 300px) 100vw, 300px\" \/><\/a><p id=\"caption-attachment-13403\" class=\"wp-caption-text\">Abbildung: Intraoperativer Situs nach Freilegung der Femoralisgabel. Rechts im Bild: A. femoralis communis angeschlungen, Links im Bild: A. femoralis superficialis und A. profunda femoris angeschlungen. Mittig im Bild: Gro\u00dfes Nahtaneurysma<\/p><\/div>\n<div class=\"fusion-clearfix\"><\/div><\/div><\/div><div class=\"fusion-layout-column fusion_builder_column fusion-builder-column-3 fusion_builder_column_1_1 1_1 fusion-one-full fusion-column-first fusion-column-last fusion-column-no-min-height\" style=\"--awb-bg-size:cover;--awb-margin-bottom:0px;\"><div class=\"fusion-column-wrapper fusion-flex-column-wrapper-legacy\"><div id=\"attachment_13404\" style=\"width: 310px\" class=\"wp-caption alignnone\"><a href=\"http:\/\/gefaessmanual.de\/wp-content\/uploads\/2016\/01\/2016-01-21-09.46.24.jpg\" target=\"_blank\"><img decoding=\"async\" aria-describedby=\"caption-attachment-13404\" class=\"wp-image-13404 size-medium\" src=\"http:\/\/gefaessmanual.de\/wp-content\/uploads\/2016\/01\/2016-01-21-09.46.24-300x225.jpg\" alt=\"2016-01-21 09.46.24\" width=\"300\" height=\"225\" srcset=\"https:\/\/gefaessmanual.de\/wp-content\/uploads\/2016\/01\/2016-01-21-09.46.24-300x225.jpg 300w, https:\/\/gefaessmanual.de\/wp-content\/uploads\/2016\/01\/2016-01-21-09.46.24-768x576.jpg 768w, https:\/\/gefaessmanual.de\/wp-content\/uploads\/2016\/01\/2016-01-21-09.46.24-1024x768.jpg 1024w, https:\/\/gefaessmanual.de\/wp-content\/uploads\/2016\/01\/2016-01-21-09.46.24.jpg 5520w\" sizes=\"(max-width: 300px) 100vw, 300px\" \/><\/a><p id=\"caption-attachment-13404\" class=\"wp-caption-text\">Abbildung: Alter Thrombus nach L\u00e4ngsinzision des ausgeklemmten Nahtaneurysmas<\/p><\/div>\n<div class=\"fusion-clearfix\"><\/div><\/div><\/div><div class=\"fusion-layout-column fusion_builder_column fusion-builder-column-4 fusion_builder_column_1_1 1_1 fusion-one-full fusion-column-first fusion-column-last fusion-column-no-min-height\" style=\"--awb-bg-size:cover;--awb-margin-bottom:0px;\"><div class=\"fusion-column-wrapper fusion-flex-column-wrapper-legacy\"><div id=\"attachment_13406\" style=\"width: 310px\" class=\"wp-caption alignnone\"><a href=\"http:\/\/gefaessmanual.de\/wp-content\/uploads\/2016\/01\/2016-01-21-11.27.17.jpg\" target=\"_blank\"><img decoding=\"async\" aria-describedby=\"caption-attachment-13406\" class=\"wp-image-13406 size-medium\" src=\"http:\/\/gefaessmanual.de\/wp-content\/uploads\/2016\/01\/2016-01-21-11.27.17-300x225.jpg\" alt=\"2016-01-21 11.27.17\" width=\"300\" height=\"225\" srcset=\"https:\/\/gefaessmanual.de\/wp-content\/uploads\/2016\/01\/2016-01-21-11.27.17-300x225.jpg 300w, https:\/\/gefaessmanual.de\/wp-content\/uploads\/2016\/01\/2016-01-21-11.27.17-768x576.jpg 768w, https:\/\/gefaessmanual.de\/wp-content\/uploads\/2016\/01\/2016-01-21-11.27.17-1024x768.jpg 1024w, https:\/\/gefaessmanual.de\/wp-content\/uploads\/2016\/01\/2016-01-21-11.27.17.jpg 5520w\" sizes=\"(max-width: 300px) 100vw, 300px\" \/><\/a><p id=\"caption-attachment-13406\" class=\"wp-caption-text\">Abbildung: Interponat (Dacron) von der alten Y-Prothese auf die A. profunda femoris. Verj\u00fcngung (&#8222;Tapering&#8220;) der Prothese auf den passenden Diameter.<\/p><\/div>\n<div class=\"fusion-clearfix\"><\/div><\/div><\/div><div class=\"fusion-layout-column fusion_builder_column fusion-builder-column-5 fusion_builder_column_1_1 1_1 fusion-one-full fusion-column-first fusion-column-last fusion-column-no-min-height\" style=\"--awb-bg-size:cover;--awb-margin-bottom:0px;\"><div class=\"fusion-column-wrapper fusion-flex-column-wrapper-legacy\"><div id=\"attachment_13407\" style=\"width: 310px\" class=\"wp-caption alignnone\"><a href=\"http:\/\/gefaessmanual.de\/wp-content\/uploads\/2016\/01\/2016-01-21-12.33.34.jpg\" target=\"_blank\"><img decoding=\"async\" aria-describedby=\"caption-attachment-13407\" class=\"wp-image-13407 size-medium\" src=\"http:\/\/gefaessmanual.de\/wp-content\/uploads\/2016\/01\/2016-01-21-12.33.34-300x225.jpg\" alt=\"2016-01-21 12.33.34\" width=\"300\" height=\"225\" srcset=\"https:\/\/gefaessmanual.de\/wp-content\/uploads\/2016\/01\/2016-01-21-12.33.34-300x225.jpg 300w, https:\/\/gefaessmanual.de\/wp-content\/uploads\/2016\/01\/2016-01-21-12.33.34-768x576.jpg 768w, https:\/\/gefaessmanual.de\/wp-content\/uploads\/2016\/01\/2016-01-21-12.33.34-1024x768.jpg 1024w, https:\/\/gefaessmanual.de\/wp-content\/uploads\/2016\/01\/2016-01-21-12.33.34.jpg 5520w\" sizes=\"(max-width: 300px) 100vw, 300px\" \/><\/a><p id=\"caption-attachment-13407\" class=\"wp-caption-text\">Abbildung: End-Zu-Seit Anastomose vom protheto-profundalen Interponat auf die A. femoralis superficialis (End-zu-End)<\/p><\/div>\n<p>Nach Einlage einer Redon-Drainage erfolgte ein schichtweiser Wundverschluss.<\/p>\n<h2>Ergebnis<\/h2>\n<p>Die Durchblutung der Beine wurde mittels Dopplerverschlussdruckmessung validiert. Der Patient wurde am 1. postoperativen Tag mobilisiert, die Redondrainage am 2. postoperativen Tag entfernt. Die Krankenhausentlassung erfolgte am 5. postoperativen Tag.<\/p>\n<p>&nbsp;<div class=\"fusion-clearfix\"><\/div><\/div><\/div><\/div><\/div>\n","protected":false},"excerpt":{"rendered":"<p>Nahtaneurysma nach Implantation einer Y-Prothese Der 75-j\u00e4hrige Rentner A. K. kommt in die [&hellip;]<\/p>\n","protected":false},"author":1,"featured_media":0,"parent":0,"menu_order":0,"comment_status":"closed","ping_status":"closed","template":"","meta":{"footnotes":""},"class_list":["post-13393","page","type-page","status-publish","hentry"],"_links":{"self":[{"href":"https:\/\/gefaessmanual.de\/index.php?rest_route=\/wp\/v2\/pages\/13393"}],"collection":[{"href":"https:\/\/gefaessmanual.de\/index.php?rest_route=\/wp\/v2\/pages"}],"about":[{"href":"https:\/\/gefaessmanual.de\/index.php?rest_route=\/wp\/v2\/types\/page"}],"author":[{"embeddable":true,"href":"https:\/\/gefaessmanual.de\/index.php?rest_route=\/wp\/v2\/users\/1"}],"replies":[{"embeddable":true,"href":"https:\/\/gefaessmanual.de\/index.php?rest_route=%2Fwp%2Fv2%2Fcomments&post=13393"}],"version-history":[{"count":8,"href":"https:\/\/gefaessmanual.de\/index.php?rest_route=\/wp\/v2\/pages\/13393\/revisions"}],"predecessor-version":[{"id":13628,"href":"https:\/\/gefaessmanual.de\/index.php?rest_route=\/wp\/v2\/pages\/13393\/revisions\/13628"}],"wp:attachment":[{"href":"https:\/\/gefaessmanual.de\/index.php?rest_route=%2Fwp%2Fv2%2Fmedia&parent=13393"}],"curies":[{"name":"wp","href":"https:\/\/api.w.org\/{rel}","templated":true}]}}