{"id":13204,"date":"2016-01-09T10:20:06","date_gmt":"2016-01-09T10:20:06","guid":{"rendered":"http:\/\/gefaessmanual.de\/?page_id=13204"},"modified":"2016-09-18T14:58:44","modified_gmt":"2016-09-18T14:58:44","slug":"fallberichte","status":"publish","type":"page","link":"https:\/\/gefaessmanual.de\/?page_id=13204","title":{"rendered":"Fallberichte"},"content":{"rendered":"<p>Liebe Studentinnen und Studenten,<\/p>\n<p>in K\u00fcrze werden wir an dieser Stelle ein paar interessante Fallberichte zu den behandelten gef\u00e4\u00dfmedizinischen Themen online stellen.<\/p>\n<p>Die Fallberichte sind Sammlungen unserer Kolleginnen und Kollegen. Einige davon sind &#8222;typische&#8220; F\u00e4lle der Gef\u00e4\u00dfmedizin, andere sind seltene Exoten. Nat\u00fcrlich ist der Inhalt der Fallberichte nicht pr\u00fcfungsrelevant. Wir w\u00fcnschen trotzdem viel Spa\u00df beim Lesen.<\/p>\n<ul>\n<li><a href=\"http:\/\/gefaessmanual.de\/?page_id=13393\">Nahtaneurysma nach Implantation einer Y-Prothese<\/a><\/li>\n<li><a href=\"http:\/\/gefaessmanual.de\/?page_id=13531\">Seltenes Aneurysma der Vena poplitea bei einer jungen Frau<\/a><\/li>\n<li><a href=\"http:\/\/gefaessmanual.de\/?page_id=13592\">Akute Extremit\u00e4tenisch\u00e4mie nach Stentimplantation<\/a><\/li>\n<\/ul>\n<p><strong>Bitte haben Sie noch etwas Geduld!<\/strong><\/p>\n<p>&nbsp;<\/p>\n<p>&nbsp;<\/p>\n","protected":false},"excerpt":{"rendered":"<p>Liebe Studentinnen und Studenten, in K\u00fcrze werden wir an dieser Stelle ein paar [&hellip;]<\/p>\n","protected":false},"author":1,"featured_media":0,"parent":0,"menu_order":0,"comment_status":"closed","ping_status":"closed","template":"","meta":{"footnotes":""},"class_list":["post-13204","page","type-page","status-publish","hentry"],"_links":{"self":[{"href":"https:\/\/gefaessmanual.de\/index.php?rest_route=\/wp\/v2\/pages\/13204"}],"collection":[{"href":"https:\/\/gefaessmanual.de\/index.php?rest_route=\/wp\/v2\/pages"}],"about":[{"href":"https:\/\/gefaessmanual.de\/index.php?rest_route=\/wp\/v2\/types\/page"}],"author":[{"embeddable":true,"href":"https:\/\/gefaessmanual.de\/index.php?rest_route=\/wp\/v2\/users\/1"}],"replies":[{"embeddable":true,"href":"https:\/\/gefaessmanual.de\/index.php?rest_route=%2Fwp%2Fv2%2Fcomments&post=13204"}],"version-history":[{"count":7,"href":"https:\/\/gefaessmanual.de\/index.php?rest_route=\/wp\/v2\/pages\/13204\/revisions"}],"predecessor-version":[{"id":13602,"href":"https:\/\/gefaessmanual.de\/index.php?rest_route=\/wp\/v2\/pages\/13204\/revisions\/13602"}],"wp:attachment":[{"href":"https:\/\/gefaessmanual.de\/index.php?rest_route=%2Fwp%2Fv2%2Fmedia&parent=13204"}],"curies":[{"name":"wp","href":"https:\/\/api.w.org\/{rel}","templated":true}]}}