{"id":13202,"date":"2016-01-09T10:19:43","date_gmt":"2016-01-09T10:19:43","guid":{"rendered":"http:\/\/gefaessmanual.de\/?page_id=13202"},"modified":"2022-07-25T21:36:06","modified_gmt":"2022-07-25T21:36:06","slug":"weiterbildungsmoeglichkeiten","status":"publish","type":"page","link":"https:\/\/gefaessmanual.de\/?page_id=13202","title":{"rendered":"Weiterbildung"},"content":{"rendered":"<h1>Weiterbildung zur Fach\u00e4rztin \/ zum Facharzt f\u00fcr Gef\u00e4\u00dfchirurgie oder Angiologie<\/h1>\n<p>Die Behandlung gef\u00e4\u00dfmedizinischer Erkrankungen erfolgt interdisziplin\u00e4r durch eine Reihe verschiedener\u00a0Fachdisziplinen. An der Versorgung nehmen sowohl Gef\u00e4\u00dfchirurgen, Internisten und Angiologen, Radiologen, Kardiologen und weitere Kollegen teil.<\/p>\n<p>Seit 2005 besteht in Deutschland eine <strong>eigenst\u00e4ndige Qualifikation<\/strong> zur Fach\u00e4rztin bzw. zum <strong>Facharzt f\u00fcr Gef\u00e4\u00dfchirurgie<\/strong> (vorher 2-j\u00e4hrige Zusatzqualifikation bzw. 3-j\u00e4hrige Zusatzweiterbildung). Die 6-j\u00e4hrige Facharztweiterbildung umfasst eine 2-j\u00e4hrige Basisweiterbildung im Bereich Chirurgie (&#8222;Common Trunk&#8220;) und eine 4-j\u00e4hrige spezialisierte Weiterbildung im Bereich Gef\u00e4\u00dfchirurgie. Die Weiterbildung in diesem Fachgebiet bef\u00e4higt zu einem breiten Spektrum konservativer, endovaskul\u00e4rer und offen-chirurgischer Therapieverfahren und umfasst die gesamte vaskul\u00e4re Diagnostik.<\/p>\n<p>Die insgesamt 6-j\u00e4hrige Weiterbildung zur Fach\u00e4rztin bzw. <strong>zum Facharzt f\u00fcr Innere Medizin mit Schwerpunkt Angiologie<\/strong> umfasst eine 3-j\u00e4hrige allgemeininternistische Weiterbildung und 3 Jahre in einer angiologischen Einrichtung. T\u00e4tigkeitsschwerpunkte der angiologischen Kollegen sind die umfassende diagnostische Abkl\u00e4rung von Gef\u00e4\u00dfpatienten sowie konservative und interventionelle Therapieverfahren (z.B. periphere Stentangioplastien bei pAVK).<\/p>\n<p><a href=\"http:\/\/www.bundesaerztekammer.de\/aerzte\/aus-weiter-fortbildung\/weiterbildung\/\" target=\"_blank\" rel=\"noopener\">Informationen zur Weiterbildung auf den Seiten der Bundes\u00e4rztekammer<\/a><\/p>\n<p><a href=\"http:\/\/www.aerztekammer-hamburg.org\/weiterbildung.html\" target=\"_blank\" rel=\"noopener\">Informationen zur Weiterbildung auf den Seiten der Landes\u00e4rztekammer Hamburg<\/a><\/p>\n<p>Im Jahr 2013 waren laut <strong>\u00c4rztestatistik der Bundes\u00e4rztekammer<\/strong>\u00a0unter 357.252 berufst\u00e4tigen \u00c4rztinnen und \u00c4rzten insgesamt 1.011 Fach\u00e4rzte f\u00fcr Chirurgie im Teilgebiet oder Schwerpunkt Gef\u00e4\u00dfchirurgie t\u00e4tig. 514 berufst\u00e4tige \u00c4rzte hatten eine abgeschlossene Facharztweiterbildung f\u00fcr Gef\u00e4\u00dfchirurgie. Die \u00c4rztestatistik verzeichnete au\u00dferdem 88 berufst\u00e4tige\u00a0internistische Angiologen (alte Bezeichnung: Innere Medizin und Schwerpunkt Angiologie) und 623 internistische Fach\u00e4rzte mit einer angiologischen Schwerpunktweiterbildung. Unter den etwa 1.996 deutschen Krankenh\u00e4usern verf\u00fcgten 453 \u00fcber gef\u00e4\u00dfchirurgische Expertise (Tendenz steigend).<\/p>\n<div class=\"fusion-fullwidth fullwidth-box fusion-builder-row-1 hundred-percent-fullwidth non-hundred-percent-height-scrolling\" style=\"--awb-border-radius-top-left:0px;--awb-border-radius-top-right:0px;--awb-border-radius-bottom-right:0px;--awb-border-radius-bottom-left:0px;--awb-overflow:visible;--awb-flex-wrap:wrap;\" ><div class=\"fusion-builder-row fusion-row\"><div class=\"fusion-layout-column fusion_builder_column fusion-builder-column-0 fusion_builder_column_1_1 1_1 fusion-one-full fusion-column-first fusion-column-last fusion-column-no-min-height\" style=\"--awb-bg-size:cover;--awb-margin-bottom:0px;\"><div class=\"fusion-column-wrapper fusion-flex-column-wrapper-legacy\">\n<div id=\"attachment_13211\" style=\"width: 679px\" class=\"wp-caption alignnone\"><a href=\"http:\/\/gefaessmanual.de\/wp-content\/uploads\/2016\/01\/Arztverteilung.jpg\" target=\"_blank\" rel=\"attachment noopener wp-att-13211\"><img decoding=\"async\" aria-describedby=\"caption-attachment-13211\" class=\"wp-image-13211 size-large\" src=\"http:\/\/gefaessmanual.de\/wp-content\/uploads\/2016\/01\/Arztverteilung-1024x621.jpg\" alt=\"Arztverteilung\" width=\"669\" height=\"406\" srcset=\"https:\/\/gefaessmanual.de\/wp-content\/uploads\/2016\/01\/Arztverteilung-300x182.jpg 300w, https:\/\/gefaessmanual.de\/wp-content\/uploads\/2016\/01\/Arztverteilung-768x466.jpg 768w, https:\/\/gefaessmanual.de\/wp-content\/uploads\/2016\/01\/Arztverteilung-1024x621.jpg 1024w, https:\/\/gefaessmanual.de\/wp-content\/uploads\/2016\/01\/Arztverteilung.jpg 1532w\" sizes=\"(max-width: 669px) 100vw, 669px\" \/><\/a><p id=\"caption-attachment-13211\" class=\"wp-caption-text\">Abbildung: Entwicklung der Facharztverteilung von 2004 bis 2013 nach der \u00c4rztestatistik der Bundes\u00e4rztekammer.<\/p><\/div>\n<h1><\/h1>\n<div class=\"fusion-clearfix\"><\/div><\/div><\/div><\/div><\/div>\n","protected":false},"excerpt":{"rendered":"<p>Weiterbildung zur Fach\u00e4rztin \/ zum Facharzt f\u00fcr Gef\u00e4\u00dfchirurgie oder Angiologie Die Behandlung gef\u00e4\u00dfmedizinischer [&hellip;]<\/p>\n","protected":false},"author":1,"featured_media":0,"parent":0,"menu_order":0,"comment_status":"closed","ping_status":"closed","template":"","meta":{"footnotes":""},"class_list":["post-13202","page","type-page","status-publish","hentry"],"_links":{"self":[{"href":"https:\/\/gefaessmanual.de\/index.php?rest_route=\/wp\/v2\/pages\/13202"}],"collection":[{"href":"https:\/\/gefaessmanual.de\/index.php?rest_route=\/wp\/v2\/pages"}],"about":[{"href":"https:\/\/gefaessmanual.de\/index.php?rest_route=\/wp\/v2\/types\/page"}],"author":[{"embeddable":true,"href":"https:\/\/gefaessmanual.de\/index.php?rest_route=\/wp\/v2\/users\/1"}],"replies":[{"embeddable":true,"href":"https:\/\/gefaessmanual.de\/index.php?rest_route=%2Fwp%2Fv2%2Fcomments&post=13202"}],"version-history":[{"count":11,"href":"https:\/\/gefaessmanual.de\/index.php?rest_route=\/wp\/v2\/pages\/13202\/revisions"}],"predecessor-version":[{"id":13703,"href":"https:\/\/gefaessmanual.de\/index.php?rest_route=\/wp\/v2\/pages\/13202\/revisions\/13703"}],"wp:attachment":[{"href":"https:\/\/gefaessmanual.de\/index.php?rest_route=%2Fwp%2Fv2%2Fmedia&parent=13202"}],"curies":[{"name":"wp","href":"https:\/\/api.w.org\/{rel}","templated":true}]}}