{"id":13195,"date":"2016-01-08T10:57:41","date_gmt":"2016-01-08T10:57:41","guid":{"rendered":"http:\/\/gefaessmanual.de\/?page_id=13195"},"modified":"2020-04-20T19:26:51","modified_gmt":"2020-04-20T19:26:51","slug":"invasive-diagnostik","status":"publish","type":"page","link":"https:\/\/gefaessmanual.de\/?page_id=13195","title":{"rendered":"Invasive Diagnostik"},"content":{"rendered":"<p>Einen wichtigen Stellenwert in der vaskul\u00e4ren Stufendiagnostik haben schnittbildgebende Verfahren, bei denen Kontrastmittel (z.B. jodhaltig, gadoliniumhaltig) verwendet werden.<\/p>\n<h1>Spiralcomputertomographie<\/h1>\n<p>Bei der sogenannten kontrastmittelgest\u00fctzten Spiral-CT-Angiographie (SCTA) wird jodhaltiges Kontrastmittel \u00fcber die peripheren Venen injiziert und nach einer kurzen\u00a0Passagezeit dargestellt. Den\u00a0beiden Erfindern dieser r\u00f6ntgendiagnostischen Bildgebung, A. M. Cormack und G. N. Hounsfield (&#8222;Hounsfield-Einheiten&#8220;), wurde 1979 der Nobelpreis f\u00fcr Medizin verliehen.<\/p>\n<p>Anwendung findet die SCTA in nahezu allen anatomischen Regionen der vaskul\u00e4ren Diagnostik (supraaortale Gef\u00e4\u00dfe, thorako-abdominelle Aorta, viszerale Gef\u00e4\u00dfe, periphere Gef\u00e4\u00dfe). Durch die hohe Aufl\u00f6sung und die M\u00f6glichkeiten der 3D-Rekonstruktionen ist die SCTA weiterhin Goldstandard in der Therapieplanung interventioneller Verfahren an der Aorta. Moderne Ger\u00e4te verf\u00fcgen \u00fcber eine sehr gute Bildqualit\u00e4t trotz geringerer Aufnahmezeiten. Die kalkulierte Strahlendosis einer modernen SCTA in 3 Phasen (nativ, arteriell, ven\u00f6s) betr\u00e4gt heute noch etwa 30 mSv (Vergleich: R\u00f6ntgenabdomenaufnahme etwa 2 mSv).<\/p>\n<div class=\"fusion-fullwidth fullwidth-box fusion-builder-row-1 hundred-percent-fullwidth non-hundred-percent-height-scrolling\" style=\"--awb-border-radius-top-left:0px;--awb-border-radius-top-right:0px;--awb-border-radius-bottom-right:0px;--awb-border-radius-bottom-left:0px;--awb-overflow:visible;--awb-flex-wrap:wrap;\" ><div class=\"fusion-builder-row fusion-row\"><div class=\"fusion-layout-column fusion_builder_column fusion-builder-column-0 fusion_builder_column_1_1 1_1 fusion-one-full fusion-column-first fusion-column-last fusion-column-no-min-height\" style=\"--awb-bg-size:cover;--awb-margin-bottom:0px;\"><div class=\"fusion-column-wrapper fusion-flex-column-wrapper-legacy\">\n<div id=\"attachment_13444\" style=\"width: 310px\" class=\"wp-caption alignnone\"><a href=\"http:\/\/gefaessmanual.de\/wp-content\/uploads\/2016\/01\/LAE2.jpg\" target=\"_blank\" rel=\"noopener noreferrer\"><img decoding=\"async\" aria-describedby=\"caption-attachment-13444\" class=\"wp-image-13444 size-medium\" src=\"http:\/\/gefaessmanual.de\/wp-content\/uploads\/2016\/01\/LAE2-300x248.jpg\" alt=\"LAE2\" width=\"300\" height=\"248\" srcset=\"https:\/\/gefaessmanual.de\/wp-content\/uploads\/2016\/01\/LAE2-300x248.jpg 300w, https:\/\/gefaessmanual.de\/wp-content\/uploads\/2016\/01\/LAE2-768x634.jpg 768w, https:\/\/gefaessmanual.de\/wp-content\/uploads\/2016\/01\/LAE2-1024x845.jpg 1024w, https:\/\/gefaessmanual.de\/wp-content\/uploads\/2016\/01\/LAE2.jpg 1197w\" sizes=\"(max-width: 300px) 100vw, 300px\" \/><\/a><p id=\"caption-attachment-13444\" class=\"wp-caption-text\">Abbildung: Ausgepr\u00e4gte Lungenarterienembolie (gelb markiert) nach tiefer Venenthrombose. Die Patientin beklagte nur geringgradige Belastungsdyspnoe und Husten (bei Infarktpneumonie)<\/p><\/div>\n<p>Die CT-Angiographie ist das Verfahren der Wahl bei Aortendissektionen, Aortenaneurysma, Lungenarterienembolie und weiteren Krankheitsbildern.<\/p>\n<ul>\n<li><strong>Sensitivit\u00e4t (abh\u00e4ngig von Fragestellung):<\/strong> (z.B. Verlaufskontrolle nach EVAR): 90 &#8211; 100 %<\/li>\n<li><strong>Spezifit\u00e4t (abh\u00e4ngig von Fragestellung)<\/strong>: bis 96 %<\/li>\n<li><strong>Vorteile<\/strong>: sehr hohe Aufl\u00f6sung, gute Verf\u00fcgbarkeit, kurze Untersuchungszeit, 3D-Rekonstruktionen<\/li>\n<li><strong>Nachteile und Gefahren<\/strong>: Strahlenexposition (R\u00f6ntgen), Kontrastmittelallergien, kontrastmittelassoziierte Nephropathie, jodinduzierte Hyperthyreose, Antidiabetika (Laktatazidose!)<\/li>\n<\/ul>\n<div class=\"fusion-clearfix\"><\/div><\/div><\/div><div class=\"fusion-layout-column fusion_builder_column fusion-builder-column-1 fusion_builder_column_1_1 1_1 fusion-one-full fusion-column-first fusion-column-last fusion-column-no-min-height\" style=\"--awb-bg-size:cover;--awb-margin-bottom:0px;\"><div class=\"fusion-column-wrapper fusion-flex-column-wrapper-legacy\">\n<div id=\"attachment_13350\" style=\"width: 679px\" class=\"wp-caption alignnone\"><a href=\"http:\/\/gefaessmanual.de\/wp-content\/uploads\/2016\/01\/Abbildung-8.jpg\" target=\"_blank\" rel=\"attachment noopener wp-att-13350 noreferrer\"><img decoding=\"async\" aria-describedby=\"caption-attachment-13350\" class=\"wp-image-13350 size-large\" src=\"http:\/\/gefaessmanual.de\/wp-content\/uploads\/2016\/01\/Abbildung-8-1024x812.jpg\" alt=\"Abbildung 8\" width=\"669\" height=\"530\" srcset=\"https:\/\/gefaessmanual.de\/wp-content\/uploads\/2016\/01\/Abbildung-8-300x238.jpg 300w, https:\/\/gefaessmanual.de\/wp-content\/uploads\/2016\/01\/Abbildung-8-768x609.jpg 768w, https:\/\/gefaessmanual.de\/wp-content\/uploads\/2016\/01\/Abbildung-8-1024x812.jpg 1024w, https:\/\/gefaessmanual.de\/wp-content\/uploads\/2016\/01\/Abbildung-8.jpg 3071w\" sizes=\"(max-width: 669px) 100vw, 669px\" \/><\/a><p id=\"caption-attachment-13350\" class=\"wp-caption-text\">Abbildung: Spiral-Computertomographie.<\/p><\/div>\n<h2>Kontrastmittelassoziierte Nephropathie:<\/h2>\n<p>Kontrastmittelassoziierte Nephropathie: Nach Kontrastmittelgabe\u00a0tritt dosisabh\u00e4ngig bei etwa 1 % der\u00a0vorher Nierengesunden und bei bis zu 50 % der vorerkrankten\u00a0Patienten eine, zumindest vor\u00fcbergehende,\u00a0kontrastmittelassoziierte Nephropathie auf. Diese\u00a0ist definiert durch den Anstieg des Serumkreatininwerts\u00a0um mindestens 25 % (oder mehr als 0,5 mg\/dl)\u00a0innerhalb von 48 \u2013 72 h nach Kontrastmittelgabe ohne\u00a0andere Erkl\u00e4rung. Die generelle Inzidenz der kontrastmittelassoziierten Nephropathie liegt einer\u00a0aktuellen Metaanalyse zufolge bei ca. 5 %. Risikofaktoren\u00a0f\u00fcr ihr Auftreten sind ein Lebensalter \u00fcber\u00a065 Jahren, eine glomerul\u00e4re Filtrationsrate unter\u00a045 ml\/min und ein Diabetes mellitus<\/p>\n<h2>Niereninsuffizienz<\/h2>\n<p>Niereninsuffizienz:Wesentlich seltener ist das Auftreten\u00a0einer dialysepflichtigen Niereninsuffizienz. Bei\u00a0vorerkrankten Risikopatienten mit einem Serumkreatininwert\u00a0\u00fcber 1,4 mg\/dl (glomerul\u00e4re Filtrationsrate\u00a0unter 60 ml\/min) liegt das Risiko daf\u00fcr bei\u00a0etwa 0,8 %. Als nephroprotektiv gilt eine Vor- und\u00a0Nachbew\u00e4sserung mit 0,9 %iger NaCl-L\u00f6sung (Kochsalzl\u00f6sung;\u00a010 ml\/kg K\u00f6rpergewicht) \u00fcber 24 h\u00a0periprozedural sowie die m\u00f6glichst orale Gabe von\u00a02\u00d7600 mg Acetylcystein am Vortag, dessen protektiver\u00a0Effekt mehrfach kontrovers diskutiert, aber noch\u00a0nicht abschlie\u00dfend verstanden wurde.<\/p>\n<h2>Anaphylaktische Reaktion (KM-Allergie)<\/h2>\n<p>Anaphylaktische Reaktion: Zur Vermeidung einer\u00a0anaphylaktischen Reaktion auf Kontrastmittel kann\u00a0bei Vorliegen einer gesicherten Kontrastmittelallergie\u00a0die vorbereitende intraven\u00f6se Gabe eines H1-Antihistaminikums\u00a0(z. B. Clemastin), eines H2-Antihistaminikums\u00a0(z. B. Ranitidin) und von Prednisolon \u00fcber\u00a03 Tage sowie die Sto\u00dftherapie mit Prednisolon am\u00a0Tag der Kontrastmittelgabe evaluiert werden.<\/p>\n<h2>Hyperthyreose<\/h2>\n<p>Letztlich kann das Kontrastmittel\u00a0auch zu einer potenziell lebensbedrohlichen jodinduzierten<br \/>\nHyperthyreose f\u00fchren; deshalb wird bei\u00a0Risikopatienten eine medikament\u00f6se thyreostatische<br \/>\nTherapie mit 900 mg Natriumperchlorat pro Tag\u00a0sowie gegebenenfalls mit 10\u201320 mg Thiamazol pro\u00a0Tag vor der Kontrastmittelgabe \u00fcber 10 \u2013 14 Tage\u00a0unter Verlaufskontrolle der Schilddr\u00fcsenparameter\u00a0empfohlen.<\/p>\n<div class=\"fusion-sep-clear\"><\/div><div class=\"fusion-separator fusion-full-width-sep\" style=\"margin-left: auto;margin-right: auto;margin-top:40px;margin-bottom:40px;width:100%;\"><div class=\"fusion-separator-border sep-shadow\" style=\"--awb-height:20px;--awb-amount:20px;--awb-sep-color:#1e73be;background:radial-gradient(ellipse at 50% -50% , #1e73be 0px, rgba(255, 255, 255, 0) 80%) repeat scroll 0 0 rgba(0, 0, 0, 0);background:-webkit-radial-gradient(ellipse at 50% -50% , #1e73be 0px, rgba(255, 255, 255, 0) 80%) repeat scroll 0 0 rgba(0, 0, 0, 0);background:-moz-radial-gradient(ellipse at 50% -50% , #1e73be 0px, rgba(255, 255, 255, 0) 80%) repeat scroll 0 0 rgba(0, 0, 0, 0);background:-o-radial-gradient(ellipse at 50% -50% , #1e73be 0px, rgba(255, 255, 255, 0) 80%) repeat scroll 0 0 rgba(0, 0, 0, 0);\"><\/div><\/div><div class=\"fusion-sep-clear\"><\/div>\n<h1>Magnetresonanztomographie<\/h1>\n<p><strong>Synonyme<\/strong>: MRT, MR, Kernspintomographie, MRI (engl.)<\/p>\n<p>Bei der magnetresonanztomographischen Angiographie (MRA) werden starke Magnetfelder oder Radiowellen eingesetzt, um aus den daraus resultierenden Kernresonanzen verschiedener Elemente ein Bild zu errechnen.<\/p>\n<p>Die MRA hat z.B. in der Bildgebung der extrakraniellen hirnversorgenden Gef\u00e4\u00dfe einen wichtigen Stellenwert, findet aber auch h\u00e4ufig bei Untersuchungen zur pAVK Anwendung. Aufgrund der etwas eingeschr\u00e4nkten Aufl\u00f6sung und der fehlenden Beurteilbarkeit von Verkalkungen konnte die MRA die CT-Angiographie bei der Therapieplanung vor der Versorgung abdomineller Aneurysmen bisher noch nicht abl\u00f6sen.<\/p>\n<p>Bei absoluten Kontraindikationen gegen\u00a0g\u00e4ngige MR-Kontrastmittel kann in ausgew\u00e4hlten F\u00e4llen auch eine kontrastmittelfreie Angiographie (sog. TOF-MRA, &#8222;Time-of-flight-MRA&#8220;) versucht werden, wobei diese Untersuchung recht artefaktanf\u00e4llig ist.<\/p>\n<ul>\n<li><strong>Sensitivit\u00e4t (abh\u00e4ngig von Fragestellung)<\/strong>: 96 % (z.B. bei Verlaufskontrolle nach EVAR)<\/li>\n<li><strong>Spezifit\u00e4t (abh\u00e4ngig von Fragestellung)<\/strong>: bis 100 %<\/li>\n<li><strong>Vorteile<\/strong>:\u00a0keine Strahlenbelastung (Magnetwellen), kein jodhaltiges Kontrastmittel (i.d.R. Gadolinium)<\/li>\n<li><strong>Nachteile und Gefahren<\/strong>: eingeschr\u00e4nkte Aufl\u00f6sung, hohe Kosten und geringe Verf\u00fcgbarkeit, Verkalkungen der Gef\u00e4\u00dfwand nicht suffizient beurteilbar (Stenosen werden eher \u00fcbersch\u00e4tzt), l\u00e4ngere Untersuchungsdauer, Kontrastmittelallergien, Nephrogene systemische Fibrose (NSF), Ger\u00e4uschbelastung<\/li>\n<\/ul>\n<h2>Grenzen der MRA<\/h2>\n<ul>\n<li><strong>St\u00f6ranf\u00e4llige Implantate<\/strong>: Ferromagnetische oder\u00a0elektromagnetisch st\u00f6ranf\u00e4llige Implantate im K\u00f6rper\u00a0des Patienten (z. B. implantierbare Kardioverter-Defibrillatoren, Cochlea-Implantat) stellen Kontraindikationen f\u00fcr eine\u00a0MRA-Untersuchung dar<\/li>\n<li><strong>Allergien<\/strong> gegen gadoliniumhaltige Kontrastmittel<\/li>\n<li><strong>Vorliegen einer relevanten Niereninsuffizienz<\/strong>: Bei vorbestehend\u00a0schwerer Einschr\u00e4nkung der Nierenfunktion\u00a0kann es nach Gadoliniumgabe sehr selten zu<br \/>\neiner potenziell t\u00f6dlichen nephrogenen systemischen\u00a0Fibrose kommen, die sich durch krankhafte Bindegewebevermehrung\u00a0in der Haut und den inneren Organen\u00a0\u00e4u\u00dfert<\/li>\n<li><strong>Klaustrophobie<\/strong>: Aufgrund der Bauform und der starken\u00a0Ger\u00e4uschkulisse vieler MRA-Ger\u00e4te ist diese\u00a0Diagnostik au\u00dferdem bei Patienten mit Klaustrophobie\u00a0nicht ohneWeiteres anzuwenden. Modernere\u00a0Ger\u00e4te mit einer offenen oder sogar stehenden Bauform\u00a0(sog. Upright-Ger\u00e4te) k\u00f6nnen in diesen F\u00e4llen\u00a0eine Alternative darstellen<\/li>\n<\/ul>\n<div class=\"fusion-clearfix\"><\/div><\/div><\/div><div class=\"fusion-layout-column fusion_builder_column fusion-builder-column-2 fusion_builder_column_1_1 1_1 fusion-one-full fusion-column-first fusion-column-last fusion-column-no-min-height\" style=\"--awb-bg-size:cover;--awb-margin-bottom:0px;\"><div class=\"fusion-column-wrapper fusion-flex-column-wrapper-legacy\">\n<div id=\"attachment_13351\" style=\"width: 679px\" class=\"wp-caption alignnone\"><a href=\"http:\/\/gefaessmanual.de\/wp-content\/uploads\/2016\/01\/Abbildung-9.jpg\" target=\"_blank\" rel=\"attachment noopener wp-att-13351 noreferrer\"><img decoding=\"async\" aria-describedby=\"caption-attachment-13351\" class=\"wp-image-13351 size-large\" src=\"http:\/\/gefaessmanual.de\/wp-content\/uploads\/2016\/01\/Abbildung-9-1024x857.jpg\" alt=\"Abbildung 9\" width=\"669\" height=\"560\" srcset=\"https:\/\/gefaessmanual.de\/wp-content\/uploads\/2016\/01\/Abbildung-9-300x251.jpg 300w, https:\/\/gefaessmanual.de\/wp-content\/uploads\/2016\/01\/Abbildung-9-768x642.jpg 768w, https:\/\/gefaessmanual.de\/wp-content\/uploads\/2016\/01\/Abbildung-9-1024x857.jpg 1024w, https:\/\/gefaessmanual.de\/wp-content\/uploads\/2016\/01\/Abbildung-9.jpg 2839w\" sizes=\"(max-width: 669px) 100vw, 669px\" \/><\/a><p id=\"caption-attachment-13351\" class=\"wp-caption-text\">Abbildung: MR-Angiographie.<\/p><\/div>\n<div class=\"fusion-sep-clear\"><\/div><div class=\"fusion-separator fusion-full-width-sep\" style=\"margin-left: auto;margin-right: auto;margin-top:40px;margin-bottom:40px;width:100%;\"><div class=\"fusion-separator-border sep-shadow\" style=\"--awb-height:20px;--awb-amount:20px;--awb-sep-color:#1e73be;background:radial-gradient(ellipse at 50% -50% , #1e73be 0px, rgba(255, 255, 255, 0) 80%) repeat scroll 0 0 rgba(0, 0, 0, 0);background:-webkit-radial-gradient(ellipse at 50% -50% , #1e73be 0px, rgba(255, 255, 255, 0) 80%) repeat scroll 0 0 rgba(0, 0, 0, 0);background:-moz-radial-gradient(ellipse at 50% -50% , #1e73be 0px, rgba(255, 255, 255, 0) 80%) repeat scroll 0 0 rgba(0, 0, 0, 0);background:-o-radial-gradient(ellipse at 50% -50% , #1e73be 0px, rgba(255, 255, 255, 0) 80%) repeat scroll 0 0 rgba(0, 0, 0, 0);\"><\/div><\/div><div class=\"fusion-sep-clear\"><\/div>\n<h1>Digitale Subtraktionsangiographie<\/h1>\n<p>Bei der digitalen Subtraktionsangiographie (DSA) handelt es sich um ein invasives r\u00f6ntgendiagnostisches Verfahren zur Darstellung arterieller (intraarterielle DSA) oder ven\u00f6ser (intraven\u00f6se DSA) Gef\u00e4\u00dfe. Unter sterilen Kautelen wird ein Zugangsgef\u00e4\u00df (i.d.R. A. femoralis communis) mithilfe der Seldinger-Technik punktiert und \u00fcber entsprechende Katheter Kontrastmittel in die Zielregion eingebracht. W\u00e4hrend der Applikation des Kontrastmittels (z.B. jodhaltiges KM oder CO2) werden mehrere R\u00f6ntgenbilder mit einem Bildwandler gemacht und durch eine Recheneinheit nachbearbeitet. Gleichbleibende Strukturen (z.B. Knochen, Darmgas\u00fcberlagerungen) werden digital abgeschw\u00e4cht, w\u00e4hrend das einflie\u00dfende Kontrastmittel verst\u00e4rkt wird. Das ideale DSA-Bild stellt somit nur die kontrastmitteldurchstr\u00f6mten Gef\u00e4\u00dfe in einer guten \u00dcbersichtlichkeit und hohen Aufl\u00f6sung dar.<\/p>\n<div class=\"fusion-clearfix\"><\/div><\/div><\/div><div class=\"fusion-layout-column fusion_builder_column fusion-builder-column-3 fusion_builder_column_1_1 1_1 fusion-one-full fusion-column-first fusion-column-last fusion-column-no-min-height\" style=\"--awb-bg-size:cover;--awb-margin-bottom:0px;\"><div class=\"fusion-column-wrapper fusion-flex-column-wrapper-legacy\">\n<div id=\"attachment_13303\" style=\"width: 310px\" class=\"wp-caption alignnone\"><a href=\"http:\/\/gefaessmanual.de\/wp-content\/uploads\/2016\/01\/Seldinger-Technik-01.jpg\" target=\"_blank\" rel=\"attachment noopener wp-att-13303 noreferrer\"><img decoding=\"async\" aria-describedby=\"caption-attachment-13303\" class=\"wp-image-13303 size-medium\" src=\"http:\/\/gefaessmanual.de\/wp-content\/uploads\/2016\/01\/Seldinger-Technik-01-300x217.jpg\" alt=\"Seldinger Technik-01\" width=\"300\" height=\"217\" srcset=\"https:\/\/gefaessmanual.de\/wp-content\/uploads\/2016\/01\/Seldinger-Technik-01-300x217.jpg 300w, https:\/\/gefaessmanual.de\/wp-content\/uploads\/2016\/01\/Seldinger-Technik-01-768x556.jpg 768w, https:\/\/gefaessmanual.de\/wp-content\/uploads\/2016\/01\/Seldinger-Technik-01-1024x741.jpg 1024w, https:\/\/gefaessmanual.de\/wp-content\/uploads\/2016\/01\/Seldinger-Technik-01.jpg 1754w\" sizes=\"(max-width: 300px) 100vw, 300px\" \/><\/a><p id=\"caption-attachment-13303\" class=\"wp-caption-text\">Abbildung: Seldinger-Technik<\/p><\/div>\n<p>Einen hohen Stellenwert hat die DSA vor allem in der Diagnostik und (gleichzeitigen) Therapie der peripheren arteriellen Verschlusskrankheit, da \u00fcber die einliegenden Schleusen auch Behandlungsdevices (z.B. Ballons oder Stents) eingebracht werden k\u00f6nnen, um die dargestellten Stenosierungen zu behandeln. Bei der endovaskul\u00e4ren Versorgung des Aortenaneurysmas bzw. der Aortendissektion erfolgt die Platzierung der Stentprothesen nach dem gleichen Prinzip.<\/p>\n<div class=\"fusion-clearfix\"><\/div><\/div><\/div><div class=\"fusion-layout-column fusion_builder_column fusion-builder-column-4 fusion_builder_column_1_1 1_1 fusion-one-full fusion-column-first fusion-column-last fusion-column-no-min-height\" style=\"--awb-bg-size:cover;--awb-margin-bottom:0px;\"><div class=\"fusion-column-wrapper fusion-flex-column-wrapper-legacy\">\n<div id=\"attachment_13446\" style=\"width: 190px\" class=\"wp-caption alignnone\"><a href=\"http:\/\/gefaessmanual.de\/wp-content\/uploads\/2016\/01\/Karotisaneurysma.jpg\" target=\"_blank\" rel=\"noopener noreferrer\"><img decoding=\"async\" aria-describedby=\"caption-attachment-13446\" class=\"wp-image-13446 size-medium\" src=\"http:\/\/gefaessmanual.de\/wp-content\/uploads\/2016\/01\/Karotisaneurysma-180x300.jpg\" alt=\"Karotisaneurysma\" width=\"180\" height=\"300\" srcset=\"https:\/\/gefaessmanual.de\/wp-content\/uploads\/2016\/01\/Karotisaneurysma-180x300.jpg 180w, https:\/\/gefaessmanual.de\/wp-content\/uploads\/2016\/01\/Karotisaneurysma.jpg 253w\" sizes=\"(max-width: 180px) 100vw, 180px\" \/><\/a><p id=\"caption-attachment-13446\" class=\"wp-caption-text\">Abbildung: DSA eines gro\u00dfen Aneurysmas der A. carotis interna (Pfeil) vor offen-chirurgischer Aneurysmaausschaltung (Interponat)<\/p><\/div>\n<p><strong>Nachteile und Gefahren der DSA:\u00a0<\/strong>Aufgrund der Kontrastmittelapplikation und der Strahlenexposition gleicht dieses Verfahren der SCTA. Im Zusammenhang mit der invasiven Punktion der Zugangsgef\u00e4\u00dfe besteht dar\u00fcber hinaus\u00a0die Gefahr von lokalen Blutungen, Dissektionen, Aneurysmata, Embolien oder Fisteln.<\/p>\n<div class=\"fusion-clearfix\"><\/div><\/div><\/div><div class=\"fusion-layout-column fusion_builder_column fusion-builder-column-5 fusion_builder_column_1_1 1_1 fusion-one-full fusion-column-first fusion-column-last fusion-column-no-min-height\" style=\"--awb-bg-size:cover;--awb-margin-bottom:0px;\"><div class=\"fusion-column-wrapper fusion-flex-column-wrapper-legacy\">\n<div id=\"attachment_13354\" style=\"width: 679px\" class=\"wp-caption alignnone\"><a href=\"http:\/\/gefaessmanual.de\/wp-content\/uploads\/2016\/01\/DSA-01.jpg\" target=\"_blank\" rel=\"attachment noopener wp-att-13354 noreferrer\"><img decoding=\"async\" aria-describedby=\"caption-attachment-13354\" class=\"wp-image-13354 size-large\" src=\"http:\/\/gefaessmanual.de\/wp-content\/uploads\/2016\/01\/DSA-01-1024x613.jpg\" alt=\"DSA-01\" width=\"669\" height=\"400\" srcset=\"https:\/\/gefaessmanual.de\/wp-content\/uploads\/2016\/01\/DSA-01-300x180.jpg 300w, https:\/\/gefaessmanual.de\/wp-content\/uploads\/2016\/01\/DSA-01-768x460.jpg 768w, https:\/\/gefaessmanual.de\/wp-content\/uploads\/2016\/01\/DSA-01-1024x613.jpg 1024w, https:\/\/gefaessmanual.de\/wp-content\/uploads\/2016\/01\/DSA-01.jpg 1754w\" sizes=\"(max-width: 669px) 100vw, 669px\" \/><\/a><p id=\"caption-attachment-13354\" class=\"wp-caption-text\">Abbildung: Digitale Subtraktionsangiographie.<\/p><\/div>\n<div class=\"fusion-sep-clear\"><\/div><div class=\"fusion-separator fusion-full-width-sep\" style=\"margin-left: auto;margin-right: auto;margin-top:40px;margin-bottom:40px;width:100%;\"><div class=\"fusion-separator-border sep-shadow\" style=\"--awb-height:20px;--awb-amount:20px;--awb-sep-color:#1e73be;background:radial-gradient(ellipse at 50% -50% , #1e73be 0px, rgba(255, 255, 255, 0) 80%) repeat scroll 0 0 rgba(0, 0, 0, 0);background:-webkit-radial-gradient(ellipse at 50% -50% , #1e73be 0px, rgba(255, 255, 255, 0) 80%) repeat scroll 0 0 rgba(0, 0, 0, 0);background:-moz-radial-gradient(ellipse at 50% -50% , #1e73be 0px, rgba(255, 255, 255, 0) 80%) repeat scroll 0 0 rgba(0, 0, 0, 0);background:-o-radial-gradient(ellipse at 50% -50% , #1e73be 0px, rgba(255, 255, 255, 0) 80%) repeat scroll 0 0 rgba(0, 0, 0, 0);\"><\/div><\/div><div class=\"fusion-sep-clear\"><\/div><div class=\"fusion-clearfix\"><\/div><\/div><\/div><\/div><\/div>\n","protected":false},"excerpt":{"rendered":"<p>Einen wichtigen Stellenwert in der vaskul\u00e4ren Stufendiagnostik haben schnittbildgebende Verfahren, bei denen Kontrastmittel [&hellip;]<\/p>\n","protected":false},"author":1,"featured_media":0,"parent":0,"menu_order":0,"comment_status":"closed","ping_status":"closed","template":"","meta":{"footnotes":""},"class_list":["post-13195","page","type-page","status-publish","hentry"],"_links":{"self":[{"href":"https:\/\/gefaessmanual.de\/index.php?rest_route=\/wp\/v2\/pages\/13195"}],"collection":[{"href":"https:\/\/gefaessmanual.de\/index.php?rest_route=\/wp\/v2\/pages"}],"about":[{"href":"https:\/\/gefaessmanual.de\/index.php?rest_route=\/wp\/v2\/types\/page"}],"author":[{"embeddable":true,"href":"https:\/\/gefaessmanual.de\/index.php?rest_route=\/wp\/v2\/users\/1"}],"replies":[{"embeddable":true,"href":"https:\/\/gefaessmanual.de\/index.php?rest_route=%2Fwp%2Fv2%2Fcomments&post=13195"}],"version-history":[{"count":19,"href":"https:\/\/gefaessmanual.de\/index.php?rest_route=\/wp\/v2\/pages\/13195\/revisions"}],"predecessor-version":[{"id":13690,"href":"https:\/\/gefaessmanual.de\/index.php?rest_route=\/wp\/v2\/pages\/13195\/revisions\/13690"}],"wp:attachment":[{"href":"https:\/\/gefaessmanual.de\/index.php?rest_route=%2Fwp%2Fv2%2Fmedia&parent=13195"}],"curies":[{"name":"wp","href":"https:\/\/api.w.org\/{rel}","templated":true}]}}