{"id":13123,"date":"2016-01-06T15:31:54","date_gmt":"2016-01-06T15:31:54","guid":{"rendered":"http:\/\/gefaessmanual.de\/?page_id=13123"},"modified":"2023-01-26T15:33:46","modified_gmt":"2023-01-26T15:33:46","slug":"impressum","status":"publish","type":"page","link":"https:\/\/gefaessmanual.de\/?page_id=13123","title":{"rendered":"Impressum"},"content":{"rendered":"<div class=\"fusion-fullwidth fullwidth-box fusion-builder-row-1 nonhundred-percent-fullwidth non-hundred-percent-height-scrolling\" style=\"--awb-background-position:left top;--awb-border-sizes-top:0px;--awb-border-sizes-bottom:0px;--awb-border-sizes-left:0px;--awb-border-sizes-right:0px;--awb-border-radius-top-left:0px;--awb-border-radius-top-right:0px;--awb-border-radius-bottom-right:0px;--awb-border-radius-bottom-left:0px;--awb-padding-top:20px;--awb-padding-bottom:20px;--awb-flex-wrap:wrap;\" ><div class=\"fusion-builder-row fusion-row\"><div class=\"fusion-layout-column fusion_builder_column fusion-builder-column-0 fusion_builder_column_1_1 1_1 fusion-one-full fusion-column-first fusion-column-last fusion-column-no-min-height\" style=\"--awb-bg-size:cover;--awb-margin-bottom:0px;\"><div class=\"fusion-column-wrapper fusion-flex-column-wrapper-legacy\"><div class=\"fusion-title title fusion-title-1 fusion-title-text fusion-title-size-one\"><h1 class=\"fusion-title-heading title-heading-left\" style=\"margin:0;\">Impressum<\/h1><span class=\"awb-title-spacer\"><\/span><div class=\"title-sep-container\"><div class=\"title-sep sep-double sep-solid\" style=\"border-color:#e0dede;\"><\/div><\/div><\/div><div class=\"fusion-clearfix\"><\/div><\/div><\/div><div class=\"fusion-layout-column fusion_builder_column fusion-builder-column-1 fusion_builder_column_1_1 1_1 fusion-one-full fusion-column-first fusion-column-last fusion-column-no-min-height\" style=\"--awb-bg-size:cover;--awb-margin-bottom:0px;\"><div class=\"fusion-column-wrapper fusion-flex-column-wrapper-legacy\"><div class=\"accordian fusion-accordian\" style=\"--awb-border-size:1px;--awb-icon-size:16px;--awb-content-font-size:16px;--awb-icon-alignment:left;--awb-hover-color:#f9f9fb;--awb-border-color:#e2e2e2;--awb-background-color:#ffffff;--awb-divider-color:#e0dede;--awb-divider-hover-color:#e0dede;--awb-icon-color:#ffffff;--awb-title-color:#1e73be;--awb-content-color:#4c4c4c;--awb-icon-box-color:#333333;--awb-toggle-hover-accent-color:#6796bf;--awb-title-font-family:&quot;Raleway&quot;;--awb-title-font-weight:400;--awb-title-font-style:normal;--awb-title-font-size:15px;--awb-title-letter-spacing:0px;--awb-title-line-height:1.33;--awb-content-font-family:&quot;Raleway&quot;;--awb-content-font-style:normal;--awb-content-font-weight:400;\" id=\"73393505\"><div class=\"panel-group fusion-toggle-icon-boxed\" id=\"accordion-13123-1\"><div class=\"fusion-panel panel-default panel-6d82a6ea0cdb4891d fusion-toggle-has-divider\" style=\"--awb-title-color:#1e73be;\"><div class=\"panel-heading\"><h4 class=\"panel-title toggle\" id=\"toggle_6d82a6ea0cdb4891d\"><a aria-expanded=\"false\" aria-controls=\"6d82a6ea0cdb4891d\" role=\"button\" data-toggle=\"collapse\" data-parent=\"#accordion-13123-1\" data-target=\"#6d82a6ea0cdb4891d\" href=\"#6d82a6ea0cdb4891d\"><span class=\"fusion-toggle-icon-wrapper\" aria-hidden=\"true\"><i class=\"fa-fusion-box active-icon awb-icon-minus\" aria-hidden=\"true\"><\/i><i class=\"fa-fusion-box inactive-icon awb-icon-plus\" aria-hidden=\"true\"><\/i><\/span><span class=\"fusion-toggle-heading\">Priv.-Doz. Dr. med. C.-A. Behrendt<\/span><\/a><\/h4><\/div><div id=\"6d82a6ea0cdb4891d\" class=\"panel-collapse collapse \" aria-labelledby=\"toggle_6d82a6ea0cdb4891d\"><div class=\"panel-body toggle-content fusion-clearfix\">\n<p>Chefarzt der Klinik f\u00fcr Allgemeine und Endovaskul\u00e4re Gef\u00e4\u00dfchirurgie<br \/>\nAsklepios Klinik Wandsbek, Hamburg, Deutschland<br \/>\nAlphonsstr. 14<br \/>\n22043 Hamburg<\/p>\n<\/div><\/div><\/div><div class=\"fusion-panel panel-default panel-b587fd1f4859892dd fusion-toggle-has-divider\" style=\"--awb-title-color:#1e73be;\"><div class=\"panel-heading\"><h4 class=\"panel-title toggle\" id=\"toggle_b587fd1f4859892dd\"><a aria-expanded=\"false\" aria-controls=\"b587fd1f4859892dd\" role=\"button\" data-toggle=\"collapse\" data-parent=\"#accordion-13123-1\" data-target=\"#b587fd1f4859892dd\" href=\"#b587fd1f4859892dd\"><span class=\"fusion-toggle-icon-wrapper\" aria-hidden=\"true\"><i class=\"fa-fusion-box active-icon awb-icon-minus\" aria-hidden=\"true\"><\/i><i class=\"fa-fusion-box inactive-icon awb-icon-plus\" aria-hidden=\"true\"><\/i><\/span><span class=\"fusion-toggle-heading\">Priv.-Doz. Dr. med. F. Heidemann<\/span><\/a><\/h4><\/div><div id=\"b587fd1f4859892dd\" class=\"panel-collapse collapse \" aria-labelledby=\"toggle_b587fd1f4859892dd\"><div class=\"panel-body toggle-content fusion-clearfix\">\n<p>Leitende Ober\u00e4rztin der Klinik f\u00fcr Allgemeine und Endovaskul\u00e4re Gef\u00e4\u00dfchirurgie<br \/>\nAsklepios Klinik Wandsbek, Hamburg, Deutschland<br \/>\nAlphonsstr. 14<br \/>\n22043 Hamburg<\/p>\n<\/div><\/div><\/div><div class=\"fusion-panel panel-default panel-93687de503b7ad614 fusion-toggle-has-divider\" style=\"--awb-title-color:#1e73be;\"><div class=\"panel-heading\"><h4 class=\"panel-title toggle\" id=\"toggle_93687de503b7ad614\"><a aria-expanded=\"false\" aria-controls=\"93687de503b7ad614\" role=\"button\" data-toggle=\"collapse\" data-parent=\"#accordion-13123-1\" data-target=\"#93687de503b7ad614\" href=\"#93687de503b7ad614\"><span class=\"fusion-toggle-icon-wrapper\" aria-hidden=\"true\"><i class=\"fa-fusion-box active-icon awb-icon-minus\" aria-hidden=\"true\"><\/i><i class=\"fa-fusion-box inactive-icon awb-icon-plus\" aria-hidden=\"true\"><\/i><\/span><span class=\"fusion-toggle-heading\">Prof. Dr. med. A. Larena-Avellaneda<\/span><\/a><\/h4><\/div><div id=\"93687de503b7ad614\" class=\"panel-collapse collapse \" aria-labelledby=\"toggle_93687de503b7ad614\"><div class=\"panel-body toggle-content fusion-clearfix\">\n<p>Chefarzt der Klinik f\u00fcr Gef\u00e4\u00dfchirurgie und endovaskul\u00e4re Chirurgie<br \/>\nAsklepios Klinik Altona<br \/>\nPaul-Ehrlich-Stra\u00dfe 1<br \/>\n22763 Hamburg<\/p>\n<\/div><\/div><\/div><\/div><\/div><div class=\"fusion-text fusion-text-1\"><p><strong>IMPRESSUM<\/strong><\/p>\n<p><strong>Seitenbetreiber \/ Verantwortlicher<\/strong><\/p>\n<p>Priv.-Doz. Dr. med. Christian-Alexander Behrendt und Priv.-Doz. Dr. med. Franziska Heidemann<br \/>\nDienstanschrift:<br \/>\nAsklepios Klinik Hamburg Wandsbek<br \/>\nKlinik f\u00fcr Allgemeine und Endovaskul\u00e4re Gef\u00e4\u00dfchirurgie<br \/>\nAlphonsstr. 14<br \/>\n22043 Hamburg<\/p>\n<p><strong>Kontaktdaten<\/strong><\/p>\n<p>info@gefaessmanual.de<br \/>\nTelefon: 03212-2224422<br \/>\nTelefax: 03212-2224422<\/p>\n<p><strong>Haftung f\u00fcr Inhalte<\/strong><\/p>\n<p>Als Diensteanbieter sind wir gem\u00e4\u00df \u00a7 7 Abs.1 TMG f\u00fcr eigene Inhalte auf diesen Seiten nach den allgemeinen Gesetzen verantwortlich. Nach \u00a7\u00a7 8 bis 10 TMG sind wir als Diensteanbieter jedoch nicht verpflichtet, \u00fcbermittelte oder gespeicherte fremde Informationen zu \u00fcberwachen oder nach Umst\u00e4nden zu forschen, die auf eine rechtswidrige T\u00e4tigkeit hinweisen. Verpflichtungen zur Entfernung oder Sperrung der Nutzung von Informationen nach den allgemeinen Gesetzen bleiben hiervon unber\u00fchrt. Eine diesbez\u00fcgliche Haftung ist jedoch erst ab dem Zeitpunkt der Kenntnis einer konkreten Rechtsverletzung m\u00f6glich. Bei Bekanntwerden von entsprechenden Rechtsverletzungen werden wir diese Inhalte umgehend entfernen.<\/p>\n<p><strong>Haftung f\u00fcr Links<\/strong><\/p>\n<p>Unser Angebot enth\u00e4lt Links zu externen Websites Dritter, auf deren Inhalte wir keinen Einfluss haben. Deshalb k\u00f6nnen wir f\u00fcr diese fremden Inhalte auch keine Gew\u00e4hr \u00fcbernehmen. F\u00fcr die Inhalte der verlinkten Seiten ist stets der jeweilige Anbieter oder Betreiber der Seiten verantwortlich. Die verlinkten Seiten wurden zum Zeitpunkt der Verlinkung auf m\u00f6gliche Rechtsverst\u00f6\u00dfe \u00fcberpr\u00fcft. Rechtswidrige Inhalte waren zum Zeitpunkt der Verlinkung nicht erkennbar. Eine permanente inhaltliche Kontrolle der verlinkten Seiten ist jedoch ohne konkrete Anhaltspunkte einer Rechtsverletzung nicht zumutbar. Bei Bekanntwerden von Rechtsverletzungen werden wir derartige Links<br \/>\numgehend entfernen.<\/p>\n<p><strong>Urheberrecht<\/strong><\/p>\n<p>Die durch die Seitenbetreiber erstellten Inhalte und Werke auf diesen Seiten unterliegen dem deutschen Urheberrecht. Die Vervielf\u00e4ltigung, Bearbeitung, Verbreitung und jede Art der Verwertung au\u00dferhalb der Grenzen des Urheberrechtes bed\u00fcrfen der schriftlichen Zustimmung des jeweiligen Autors bzw. Erstellers. Downloads und Kopien dieser Seite sind nur f\u00fcr den privaten, nicht kommerziellen Gebrauch gestattet. Soweit die Inhalte auf dieser Seite nicht vom Betreiber erstellt wurden, werden die Urheberrechte Dritter beachtet. Insbesondere werden Inhalte Dritter als solche gekennzeichnet. Sollten Sie trotzdem auf eine<br \/>\nUrheberrechtsverletzung aufmerksam werden, bitten wir um einen entsprechenden Hinweis. Bei Bekanntwerden von Rechtsverletzungen werden wir derartige Inhalte umgehend entfernen.<\/p>\n<p>Quelle:<br \/>\nhttps:\/\/www.e-recht24.de<\/p>\n<\/div><div class=\"fusion-clearfix\"><\/div><\/div><\/div><\/div><\/div>\n","protected":false},"excerpt":{"rendered":"","protected":false},"author":1,"featured_media":0,"parent":0,"menu_order":0,"comment_status":"closed","ping_status":"closed","template":"","meta":{"footnotes":""},"class_list":["post-13123","page","type-page","status-publish","hentry"],"_links":{"self":[{"href":"https:\/\/gefaessmanual.de\/index.php?rest_route=\/wp\/v2\/pages\/13123"}],"collection":[{"href":"https:\/\/gefaessmanual.de\/index.php?rest_route=\/wp\/v2\/pages"}],"about":[{"href":"https:\/\/gefaessmanual.de\/index.php?rest_route=\/wp\/v2\/types\/page"}],"author":[{"embeddable":true,"href":"https:\/\/gefaessmanual.de\/index.php?rest_route=\/wp\/v2\/users\/1"}],"replies":[{"embeddable":true,"href":"https:\/\/gefaessmanual.de\/index.php?rest_route=%2Fwp%2Fv2%2Fcomments&post=13123"}],"version-history":[{"count":12,"href":"https:\/\/gefaessmanual.de\/index.php?rest_route=\/wp\/v2\/pages\/13123\/revisions"}],"predecessor-version":[{"id":13707,"href":"https:\/\/gefaessmanual.de\/index.php?rest_route=\/wp\/v2\/pages\/13123\/revisions\/13707"}],"wp:attachment":[{"href":"https:\/\/gefaessmanual.de\/index.php?rest_route=%2Fwp%2Fv2%2Fmedia&parent=13123"}],"curies":[{"name":"wp","href":"https:\/\/api.w.org\/{rel}","templated":true}]}}