{"id":13025,"date":"2016-01-06T13:07:20","date_gmt":"2016-01-06T13:07:20","guid":{"rendered":"http:\/\/gefaessmanual.de\/?page_id=13025"},"modified":"2016-06-30T18:58:12","modified_gmt":"2016-06-30T18:58:12","slug":"notfaelle-2","status":"publish","type":"page","link":"https:\/\/gefaessmanual.de\/?page_id=13025","title":{"rendered":"Notf\u00e4lle"},"content":{"rendered":"<p>Verschiedene mehr oder weniger dringliche &#8222;Notf\u00e4lle&#8220; besch\u00e4ftigen die Gef\u00e4\u00dfmedizin bzw. Gef\u00e4\u00dfchirurgie.<\/p>\n<p>Von besonderer Relevanz sind<\/p>\n<ul>\n<li><a href=\"http:\/\/gefaessmanual.de\/?page_id=13010\">Akutes Aortensyndrom<\/a> (v.a. die klassische Aortendissektion)<\/li>\n<li><a href=\"http:\/\/gefaessmanual.de\/?page_id=13016\">Akuter Gef\u00e4\u00dfverschluss<\/a> (Acute limb ischemia)<\/li>\n<li><a href=\"http:\/\/gefaessmanual.de\/?page_id=13014\">Tiefe Venenthrombose<\/a> (Gefahr der Lungenarterienembolie und des postthrombotischen Syndroms)<\/li>\n<li><a href=\"http:\/\/gefaessmanual.de\/?page_id=13012\">Kompartmentsyndrom <\/a>(vital bedrohlich, Gefahr des Extremit\u00e4tenverlustes)<\/li>\n<li><a href=\"http:\/\/gefaessmanual.de\/?page_id=13576\">Akute Mesenterialisch\u00e4mie<\/a><\/li>\n<\/ul>\n","protected":false},"excerpt":{"rendered":"<p>Verschiedene mehr oder weniger dringliche &#8222;Notf\u00e4lle&#8220; besch\u00e4ftigen die Gef\u00e4\u00dfmedizin bzw. Gef\u00e4\u00dfchirurgie. Von besonderer [&hellip;]<\/p>\n","protected":false},"author":1,"featured_media":0,"parent":0,"menu_order":0,"comment_status":"closed","ping_status":"closed","template":"","meta":{"footnotes":""},"class_list":["post-13025","page","type-page","status-publish","hentry"],"_links":{"self":[{"href":"https:\/\/gefaessmanual.de\/index.php?rest_route=\/wp\/v2\/pages\/13025"}],"collection":[{"href":"https:\/\/gefaessmanual.de\/index.php?rest_route=\/wp\/v2\/pages"}],"about":[{"href":"https:\/\/gefaessmanual.de\/index.php?rest_route=\/wp\/v2\/types\/page"}],"author":[{"embeddable":true,"href":"https:\/\/gefaessmanual.de\/index.php?rest_route=\/wp\/v2\/users\/1"}],"replies":[{"embeddable":true,"href":"https:\/\/gefaessmanual.de\/index.php?rest_route=%2Fwp%2Fv2%2Fcomments&post=13025"}],"version-history":[{"count":5,"href":"https:\/\/gefaessmanual.de\/index.php?rest_route=\/wp\/v2\/pages\/13025\/revisions"}],"predecessor-version":[{"id":13579,"href":"https:\/\/gefaessmanual.de\/index.php?rest_route=\/wp\/v2\/pages\/13025\/revisions\/13579"}],"wp:attachment":[{"href":"https:\/\/gefaessmanual.de\/index.php?rest_route=%2Fwp%2Fv2%2Fmedia&parent=13025"}],"curies":[{"name":"wp","href":"https:\/\/api.w.org\/{rel}","templated":true}]}}