{"id":13012,"date":"2016-01-06T13:02:21","date_gmt":"2016-01-06T13:02:21","guid":{"rendered":"http:\/\/gefaessmanual.de\/?page_id=13012"},"modified":"2016-10-15T15:33:40","modified_gmt":"2016-10-15T15:33:40","slug":"kompartmentsyndrom","status":"publish","type":"page","link":"https:\/\/gefaessmanual.de\/?page_id=13012","title":{"rendered":"Kompartmentsyndrom"},"content":{"rendered":"<h1><strong>KOMPARTMENTSYNDROM<\/strong><\/h1>\n<p>Das Kompartmentsyndrom wird in <strong>mehrere Formen<\/strong> unterteilt und hat verschiedene Ursachen (z.B. traumatisch durch das auftretende H\u00e4matom und \u00d6dem oder isch\u00e4misch bedingt durch das sogenannte Reperfusionssyndrom).<\/p>\n<p>Das akute Kompartmentsyndrom nach Verletzungen, Entz\u00fcndungen oder l\u00e4ngerer Isch\u00e4miezeit stellt eine <strong>schwere Komplikation mit vitaler Bedrohung<\/strong> und Gefahr eines Verlustes der betroffenen Extremit\u00e4t dar. In der Regel erfolgt eine Diagnosestellung anhand der Klinik (sensomotorisches Defizit im betroffenen Bereich, verh\u00e4rtete bis pralle Muskellogen). Eine Zuhilfenahme der invasiven Druckmessung (sog. &#8222;Logendruck&#8220; &gt; 30-40 mmHg) und verschiedener Laborparameter der Myolyse (z.B. CK, Myoglobin) kann sinnvoll sein.<\/p>\n<p><strong>Vorhandene Pulse k\u00f6nnen dabei das Kompartmentsyndrom NICHT ausschlie\u00dfen!<\/strong><\/p>\n<p>Die Therapie erfolgt prim\u00e4r chirurgisch durch eine Fasziotomie (Spaltung aller betroffenen Muskelfaszien) und behebt damit die folgenden Ziele:<\/p>\n<ol>\n<li>Schaffung ausreichender Platzverh\u00e4ltnisse und damit Senkung des Gewebedrucks im betroffenen Kompartment<\/li>\n<li>Wiederherstellung der Mikro- und ggf. Makrozirkulation (arterieller Zustrom, ven\u00f6ser Abstrom)<\/li>\n<li>Verhinderung eines isch\u00e4mie- oder druckbedingten Gewebeschadens (Nerven: sensomotorisches Defizit, Muskulatur)<\/li>\n<\/ol>\n<p><div class=\"fusion-fullwidth fullwidth-box fusion-builder-row-1 hundred-percent-fullwidth non-hundred-percent-height-scrolling\" style=\"--awb-border-radius-top-left:0px;--awb-border-radius-top-right:0px;--awb-border-radius-bottom-right:0px;--awb-border-radius-bottom-left:0px;--awb-overflow:visible;--awb-margin-top:40px;--awb-margin-bottom:40px;--awb-background-color:rgba(255,255,255,0);--awb-flex-wrap:wrap;\" ><div class=\"fusion-builder-row fusion-row\"><div class=\"fusion-layout-column fusion_builder_column fusion-builder-column-0 fusion_builder_column_1_1 1_1 fusion-one-full fusion-column-first fusion-column-last fusion-column-no-min-height\" style=\"--awb-bg-size:cover;--awb-margin-bottom:0px;\"><div class=\"fusion-column-wrapper fusion-flex-column-wrapper-legacy\"><div class=\"fusion-sep-clear\"><\/div><div class=\"fusion-separator fusion-full-width-sep\" style=\"margin-left: auto;margin-right: auto;width:100%;\"><div class=\"fusion-separator-border sep-shadow\" style=\"--awb-height:20px;--awb-amount:20px;--awb-sep-color:#1e73be;background:radial-gradient(ellipse at 50% -50% , #1e73be 0px, rgba(255, 255, 255, 0) 80%) repeat scroll 0 0 rgba(0, 0, 0, 0);background:-webkit-radial-gradient(ellipse at 50% -50% , #1e73be 0px, rgba(255, 255, 255, 0) 80%) repeat scroll 0 0 rgba(0, 0, 0, 0);background:-moz-radial-gradient(ellipse at 50% -50% , #1e73be 0px, rgba(255, 255, 255, 0) 80%) repeat scroll 0 0 rgba(0, 0, 0, 0);background:-o-radial-gradient(ellipse at 50% -50% , #1e73be 0px, rgba(255, 255, 255, 0) 80%) repeat scroll 0 0 rgba(0, 0, 0, 0);\"><\/div><\/div><div class=\"fusion-sep-clear\"><\/div>\n<h2>Totale Fasziotomie<\/h2>\n<p>Die totale Fasziotomie der Unterschenkellogen kann subkutan oder offen erfolgen. Bei der offenen Fasziotomie kann ein- oder beidseitig er\u00f6ffnet werden (unilateral paratibul\u00e4r vs. bilateral posteromedial und anterolateral).<\/p>\n<p>H\u00e4ufig ist das akute Kompartmentsyndrom z.B. auch aufgrund einer Reperfusion nach l\u00e4ngerer Isch\u00e4miezeit (z.B. l\u00e4ngere kritische Isch\u00e4mie mit anschlie\u00dfender Revaskularisation). Bei l\u00e4ngeren Operationen (&gt; 3-4 h) in Steinschnittlage (z.B. bei gyn\u00e4kologischen Patientinnen) kann es durch die erh\u00f6hte Extremit\u00e4t und unphysiologisches Abknicken auch bei zuvor gesunden Patienten zu einem akuten Kompartmentsyndrom mit hoher Letalit\u00e4t und Morbidit\u00e4t kommen, weshalb ein rasches Handeln erforderlich ist.<\/p>\n<div class=\"fusion-clearfix\"><\/div><\/div><\/div><\/div><\/div><div class=\"fusion-fullwidth fullwidth-box fusion-builder-row-2 hundred-percent-fullwidth non-hundred-percent-height-scrolling\" style=\"--awb-border-radius-top-left:0px;--awb-border-radius-top-right:0px;--awb-border-radius-bottom-right:0px;--awb-border-radius-bottom-left:0px;--awb-overflow:visible;--awb-flex-wrap:wrap;\" ><div class=\"fusion-builder-row fusion-row\"><div class=\"fusion-layout-column fusion_builder_column fusion-builder-column-1 fusion_builder_column_1_1 1_1 fusion-one-full fusion-column-first fusion-column-last fusion-column-no-min-height\" style=\"--awb-bg-size:cover;--awb-margin-bottom:0px;\"><div class=\"fusion-column-wrapper fusion-flex-column-wrapper-legacy\"><div id=\"attachment_138\" style=\"width: 310px\" class=\"wp-caption alignnone\"><a href=\"http:\/\/gefaessmanual.de\/wp-content\/uploads\/2016\/01\/fasziotomie.jpg\" target=\"_blank\" rel=\"attachment wp-att-138\"><img decoding=\"async\" aria-describedby=\"caption-attachment-138\" class=\"wp-image-138 size-medium\" src=\"http:\/\/gefaessmanual.de\/wp-content\/uploads\/2016\/01\/fasziotomie-300x157.jpg\" alt=\"fasziotomie\" width=\"300\" height=\"157\" srcset=\"https:\/\/gefaessmanual.de\/wp-content\/uploads\/2016\/01\/fasziotomie-300x157.jpg 300w, https:\/\/gefaessmanual.de\/wp-content\/uploads\/2016\/01\/fasziotomie.jpg 397w\" sizes=\"(max-width: 300px) 100vw, 300px\" \/><\/a><p id=\"caption-attachment-138\" class=\"wp-caption-text\">Abbildung: Situs nach Fasziotomie bei Kompartmentsyndrom.<\/p><\/div>\n<div class=\"fusion-sep-clear\"><\/div><div class=\"fusion-separator fusion-full-width-sep\" style=\"margin-left: auto;margin-right: auto;margin-top:40px;margin-bottom:40px;width:100%;\"><div class=\"fusion-separator-border sep-shadow\" style=\"--awb-height:20px;--awb-amount:20px;--awb-sep-color:#1e73be;background:radial-gradient(ellipse at 50% -50% , #1e73be 0px, rgba(255, 255, 255, 0) 80%) repeat scroll 0 0 rgba(0, 0, 0, 0);background:-webkit-radial-gradient(ellipse at 50% -50% , #1e73be 0px, rgba(255, 255, 255, 0) 80%) repeat scroll 0 0 rgba(0, 0, 0, 0);background:-moz-radial-gradient(ellipse at 50% -50% , #1e73be 0px, rgba(255, 255, 255, 0) 80%) repeat scroll 0 0 rgba(0, 0, 0, 0);background:-o-radial-gradient(ellipse at 50% -50% , #1e73be 0px, rgba(255, 255, 255, 0) 80%) repeat scroll 0 0 rgba(0, 0, 0, 0);\"><\/div><\/div><div class=\"fusion-sep-clear\"><\/div><div class=\"fusion-clearfix\"><\/div><\/div><\/div><\/div><\/div><\/p>\n","protected":false},"excerpt":{"rendered":"<p>KOMPARTMENTSYNDROM Das Kompartmentsyndrom wird in mehrere Formen unterteilt und hat verschiedene Ursachen (z.B. [&hellip;]<\/p>\n","protected":false},"author":1,"featured_media":0,"parent":0,"menu_order":0,"comment_status":"closed","ping_status":"closed","template":"","meta":{"footnotes":""},"class_list":["post-13012","page","type-page","status-publish","hentry"],"_links":{"self":[{"href":"https:\/\/gefaessmanual.de\/index.php?rest_route=\/wp\/v2\/pages\/13012"}],"collection":[{"href":"https:\/\/gefaessmanual.de\/index.php?rest_route=\/wp\/v2\/pages"}],"about":[{"href":"https:\/\/gefaessmanual.de\/index.php?rest_route=\/wp\/v2\/types\/page"}],"author":[{"embeddable":true,"href":"https:\/\/gefaessmanual.de\/index.php?rest_route=\/wp\/v2\/users\/1"}],"replies":[{"embeddable":true,"href":"https:\/\/gefaessmanual.de\/index.php?rest_route=%2Fwp%2Fv2%2Fcomments&post=13012"}],"version-history":[{"count":13,"href":"https:\/\/gefaessmanual.de\/index.php?rest_route=\/wp\/v2\/pages\/13012\/revisions"}],"predecessor-version":[{"id":13639,"href":"https:\/\/gefaessmanual.de\/index.php?rest_route=\/wp\/v2\/pages\/13012\/revisions\/13639"}],"wp:attachment":[{"href":"https:\/\/gefaessmanual.de\/index.php?rest_route=%2Fwp%2Fv2%2Fmedia&parent=13012"}],"curies":[{"name":"wp","href":"https:\/\/api.w.org\/{rel}","templated":true}]}}