{"id":13000,"date":"2016-01-06T12:58:19","date_gmt":"2016-01-06T12:58:19","guid":{"rendered":"http:\/\/gefaessmanual.de\/?page_id=13000"},"modified":"2016-06-25T09:46:18","modified_gmt":"2016-06-25T09:46:18","slug":"thorakale-aorta","status":"publish","type":"page","link":"https:\/\/gefaessmanual.de\/?page_id=13000","title":{"rendered":"Thorakale Aorta"},"content":{"rendered":"<h1>Hintergrund<\/h1>\n<p>Erkrankungen mit einer besonderen Relevanz f\u00fcr die Gef\u00e4\u00dfmedizin und Gef\u00e4\u00dfchirurgie stellen vor allem die <strong>Aneurysmen der deszendierenden thorakalen Aorta<\/strong> (DTAA), die <strong>thorakoabdominellen Aortenaneurysmen<\/strong> (TAAA) und die distalen <strong>Aortendissektionen Typ-B nach Stanford<\/strong> dar. Pathologien der aszendierenden Aorta werden dagegen prim\u00e4r durch die herzchirurgischen Kollegen versorgt. Nur in Ausnahmef\u00e4llen erfolgt eine (endovaskul\u00e4re) Behandlung dieser Region durch Gef\u00e4\u00dfchirurgen. Die Behandlung von Erkrankungen des Aortenbogens\u00a0erfolgt vor dem Hintergrund der Weiterentwicklung endovaskul\u00e4rer Therapieverfahren (Stentprothesen) zunehmend interdisziplin\u00e4r durch Herz- und Gef\u00e4\u00dfchirurgen. Bei Pathologien der deszendierenden thorakalen Aorta hat sich, aufgrund der deutlich niedrigeren Letalit\u00e4t, die endovaskul\u00e4re Therapie durchgesetzt.<\/p>\n<p><a href=\"http:\/\/gefaessmanual.de\/?page_id=13018\">Aortendissektion<\/a><\/p>\n<p><a href=\"http:\/\/gefaessmanual.de\/?page_id=13159\">Thorakales\u00a0Aortenaneurysma<\/a><\/p>\n<h1><\/h1>\n","protected":false},"excerpt":{"rendered":"<p>Hintergrund Erkrankungen mit einer besonderen Relevanz f\u00fcr die Gef\u00e4\u00dfmedizin und Gef\u00e4\u00dfchirurgie stellen vor [&hellip;]<\/p>\n","protected":false},"author":1,"featured_media":0,"parent":0,"menu_order":0,"comment_status":"closed","ping_status":"closed","template":"","meta":{"footnotes":""},"class_list":["post-13000","page","type-page","status-publish","hentry"],"_links":{"self":[{"href":"https:\/\/gefaessmanual.de\/index.php?rest_route=\/wp\/v2\/pages\/13000"}],"collection":[{"href":"https:\/\/gefaessmanual.de\/index.php?rest_route=\/wp\/v2\/pages"}],"about":[{"href":"https:\/\/gefaessmanual.de\/index.php?rest_route=\/wp\/v2\/types\/page"}],"author":[{"embeddable":true,"href":"https:\/\/gefaessmanual.de\/index.php?rest_route=\/wp\/v2\/users\/1"}],"replies":[{"embeddable":true,"href":"https:\/\/gefaessmanual.de\/index.php?rest_route=%2Fwp%2Fv2%2Fcomments&post=13000"}],"version-history":[{"count":19,"href":"https:\/\/gefaessmanual.de\/index.php?rest_route=\/wp\/v2\/pages\/13000\/revisions"}],"predecessor-version":[{"id":13573,"href":"https:\/\/gefaessmanual.de\/index.php?rest_route=\/wp\/v2\/pages\/13000\/revisions\/13573"}],"wp:attachment":[{"href":"https:\/\/gefaessmanual.de\/index.php?rest_route=%2Fwp%2Fv2%2Fmedia&parent=13000"}],"curies":[{"name":"wp","href":"https:\/\/api.w.org\/{rel}","templated":true}]}}