{"id":10868,"date":"2014-10-11T14:22:51","date_gmt":"2014-10-11T14:22:51","guid":{"rendered":"http:\/\/theme-fusion.com\/avada_demos\/portfolio\/?page_id=10868"},"modified":"2023-01-26T15:30:30","modified_gmt":"2023-01-26T15:30:30","slug":"home-2","status":"publish","type":"page","link":"https:\/\/gefaessmanual.de\/","title":{"rendered":"Home"},"content":{"rendered":"<div class=\"fusion-fullwidth fullwidth-box fusion-builder-row-1 nonhundred-percent-fullwidth non-hundred-percent-height-scrolling\" style=\"--awb-background-position:left top;--awb-border-sizes-top:0px;--awb-border-sizes-bottom:0px;--awb-border-sizes-left:0px;--awb-border-sizes-right:0px;--awb-border-radius-top-left:0px;--awb-border-radius-top-right:0px;--awb-border-radius-bottom-right:0px;--awb-border-radius-bottom-left:0px;--awb-padding-top:60px;--awb-padding-bottom:0px;--awb-flex-wrap:wrap;\" ><div class=\"fusion-builder-row fusion-row\"><div class=\"fusion-layout-column fusion_builder_column fusion-builder-column-0 fusion_builder_column_1_1 1_1 fusion-one-full fusion-column-first fusion-column-last fusion-column-no-min-height\" style=\"--awb-bg-size:cover;--awb-margin-bottom:0px;\"><div class=\"fusion-column-wrapper fusion-flex-column-wrapper-legacy\"><div class=\"fusion-text fusion-text-1\"><h2 style=\"text-align: center; font-size: 30px; line-height: 40px;\">Willkommen auf\u00a0<span class=\"fusion-tooltip tooltip-shortcode\" data-animation=\"\" data-delay=\"0\" data-placement=\"top\" data-title=\"www.gefaessmanual.de\" title=\"www.gefaessmanual.de\" data-toggle=\"tooltip\" data-trigger=\"hover\"><strong>gefaessmanual.de<\/strong><\/span>\n&#8211; Onlineskript der Gef\u00e4\u00dfmedizin!<\/h2>\n<\/div><div class=\"fusion-text fusion-text-2\"><p style=\"text-align: center; font-size: 18px; line-height: 29px;\">Auf diesen Seiten haben wir die wichtigsten und <strong>pr\u00fcfungsrelevanten Themen<\/strong> der Gef\u00e4\u00dfchirurgie und Gef\u00e4\u00dfmedizin skriptartig zusammengestellt.<\/p>\n<p style=\"text-align: center; font-size: 18px; line-height: 29px;\">Wir hoffen, dass wir Ihnen auf diesem Wege ein vielseitiges, innovatives und spannendes Fach n\u00e4herbringen k\u00f6nnen. Schrecken Sie nicht davor zur\u00fcck, uns bei Fragen oder Anmerkungen direkt zu kontaktieren! Viel Spa\u00df in der Klinik f\u00fcr Allgemeine und Endovaskul\u00e4re Gef\u00e4\u00dfchirurgie der <a href=\"https:\/\/www.asklepios.com\/hamburg\/wandsbek\/experten\/gefaesschirurgie\/\" target=\"_blank\" rel=\"noopener\">Asklepios Klinik Wandsbek<\/a> und der <a href=\"https:\/\/www.asklepios.com\/hamburg\/altona\/experten\/gefaesschirurgie\/\" target=\"_blank\" rel=\"noopener\">Asklepios Klinik Altona<\/a>!<\/p>\n<\/div><div class=\"fusion-sep-clear\"><\/div><div class=\"fusion-separator fusion-full-width-sep\" style=\"margin-left: auto;margin-right: auto;margin-top:5px;margin-bottom:5px;width:100%;\"><\/div><div class=\"fusion-sep-clear\"><\/div><div class=\"fusion-image-element fusion-image-align-center in-legacy-container\" style=\"text-align:center;--awb-caption-title-font-family:var(--h2_typography-font-family);--awb-caption-title-font-weight:var(--h2_typography-font-weight);--awb-caption-title-font-style:var(--h2_typography-font-style);--awb-caption-title-size:var(--h2_typography-font-size);--awb-caption-title-transform:var(--h2_typography-text-transform);--awb-caption-title-line-height:var(--h2_typography-line-height);--awb-caption-title-letter-spacing:var(--h2_typography-letter-spacing);\"><div class=\"imageframe-align-center\"><span class=\" fusion-imageframe imageframe-none imageframe-1 hover-type-none\"><img decoding=\"async\" src=\"http:\/\/gefaessmanual.de\/wp-content\/uploads\/2014\/10\/gef\u00e4\u00dfmed-in-bildern.png\" alt class=\"img-responsive\"\/><\/span><\/div><\/div><div class=\"fusion-sep-clear\"><\/div><div class=\"fusion-separator fusion-full-width-sep\" style=\"margin-left: auto;margin-right: auto;width:100%;\"><div class=\"fusion-separator-border sep-double sep-solid\" style=\"--awb-height:20px;--awb-amount:20px;border-color:#e0dede;border-top-width:1px;border-bottom-width:1px;\"><\/div><\/div><div class=\"fusion-sep-clear\"><\/div><div class=\"fusion-clearfix\"><\/div><\/div><\/div><\/div><\/div>\n","protected":false},"excerpt":{"rendered":"","protected":false},"author":1,"featured_media":0,"parent":0,"menu_order":0,"comment_status":"open","ping_status":"closed","template":"100-width.php","meta":{"footnotes":""},"class_list":["post-10868","page","type-page","status-publish","hentry"],"_links":{"self":[{"href":"https:\/\/gefaessmanual.de\/index.php?rest_route=\/wp\/v2\/pages\/10868"}],"collection":[{"href":"https:\/\/gefaessmanual.de\/index.php?rest_route=\/wp\/v2\/pages"}],"about":[{"href":"https:\/\/gefaessmanual.de\/index.php?rest_route=\/wp\/v2\/types\/page"}],"author":[{"embeddable":true,"href":"https:\/\/gefaessmanual.de\/index.php?rest_route=\/wp\/v2\/users\/1"}],"replies":[{"embeddable":true,"href":"https:\/\/gefaessmanual.de\/index.php?rest_route=%2Fwp%2Fv2%2Fcomments&post=10868"}],"version-history":[{"count":22,"href":"https:\/\/gefaessmanual.de\/index.php?rest_route=\/wp\/v2\/pages\/10868\/revisions"}],"predecessor-version":[{"id":13706,"href":"https:\/\/gefaessmanual.de\/index.php?rest_route=\/wp\/v2\/pages\/10868\/revisions\/13706"}],"wp:attachment":[{"href":"https:\/\/gefaessmanual.de\/index.php?rest_route=%2Fwp%2Fv2%2Fmedia&parent=10868"}],"curies":[{"name":"wp","href":"https:\/\/api.w.org\/{rel}","templated":true}]}}